{"id":496,"date":"2018-06-20T12:53:24","date_gmt":"2018-06-20T12:53:24","guid":{"rendered":"https:\/\/cndl.org.br\/convencaonacional\/2022\/?page_id=496"},"modified":"2023-09-26T16:53:26","modified_gmt":"2023-09-26T19:53:26","slug":"sobre-o-evento","status":"publish","type":"page","link":"https:\/\/cndl.org.br\/convencaonacional\/2022\/sobre-o-evento\/","title":{"rendered":"Sobre o evento"},"content":{"rendered":"\t\t<div data-elementor-type=\"wp-post\" data-elementor-id=\"496\" class=\"elementor elementor-496\">\n\t\t\t\t\t\t<div class=\"elementor-inner\">\n\t\t\t\t<div class=\"elementor-section-wrap\">\n\t\t\t\t\t\t\t\t\t<div class=\"elementor-section elementor-top-section elementor-element elementor-element-278b685 elementor-section-boxed elementor-section-height-default elementor-section-height-default\" data-id=\"278b685\" data-element_type=\"section\">\n\t\t\t\t\t\t<div class=\"elementor-container elementor-column-gap-default\">\n\t\t\t\t\t\t\t<div class=\"elementor-row\">\n\t\t\t\t\t<div class=\"elementor-column elementor-col-50 elementor-top-column elementor-element elementor-element-950d3f6\" data-id=\"950d3f6\" data-element_type=\"column\">\n\t\t\t<div class=\"elementor-column-wrap elementor-element-populated\">\n\t\t\t\t\t\t\t<div class=\"elementor-widget-wrap\">\n\t\t\t\t\t\t<div class=\"elementor-element elementor-element-797c588 about-layout4 elementor-widget elementor-widget-text-editor\" data-id=\"797c588\" data-element_type=\"widget\" data-widget_type=\"text-editor.default\">\n\t\t\t\t<div class=\"elementor-widget-container\">\n\t\t\t\t\t\t\t\t<div class=\"elementor-text-editor elementor-clearfix\">\n\t\t\t\t<p>De 12 a 15 de maio de 2022, o Sistema CNDL ir\u00e1 se reunir novamente e desta vez ser\u00e1 na cidade de Campos do Jord\u00e3o (SP) durante 56\u00aa Conven\u00e7\u00e3o Nacional do Com\u00e9rcio Lojista. O objetivo deste grande encontro de l\u00edderes e empres\u00e1rios \u00e9 debater os rumos do setor de com\u00e9rcio e servi\u00e7os, e a programa\u00e7\u00e3o ser\u00e1 estruturada de forma a apresentar as principais tend\u00eancias e desafios do setor.<\/p><p>\u00a0<\/p><p>O tema central do evento \u00e9 \u201cProp\u00f3sito \u2013 A mudan\u00e7a cultural do varejo\u201d. Renomados especialistas e grandes varejistas ser\u00e3o convidados a debater e interagir com os participantes sobre os fatores que determinam o sucesso de empresas e entidades.<\/p><p>A Confedera\u00e7\u00e3o Nacional de Dirigentes Lojistas (CNDL) e a Federa\u00e7\u00e3o das CDLs do Estado de S\u00e3o Paulo (FCDL SP) est\u00e3o juntas na organiza\u00e7\u00e3o deste grande evento e receber\u00e3o a<br \/>todos com muita satisfa\u00e7\u00e3o para celebrar a for\u00e7a do varejo nacional.<\/p>\t\t\t\t\t<\/div>\n\t\t\t\t\t\t<\/div>\n\t\t\t\t<\/div>\n\t\t\t\t\t\t<\/div>\n\t\t\t\t\t<\/div>\n\t\t<\/div>\n\t\t\t\t<div class=\"elementor-column elementor-col-50 elementor-top-column elementor-element elementor-element-0ad6116\" data-id=\"0ad6116\" data-element_type=\"column\">\n\t\t\t<div class=\"elementor-column-wrap elementor-element-populated\">\n\t\t\t\t\t\t\t<div class=\"elementor-widget-wrap\">\n\t\t\t\t\t\t<div class=\"elementor-element elementor-element-1a62f73 elementor-widget elementor-widget-image\" data-id=\"1a62f73\" data-element_type=\"widget\" data-widget_type=\"image.default\">\n\t\t\t\t<div class=\"elementor-widget-container\">\n\t\t\t\t\t\t\t\t<div class=\"elementor-image\">\n\t\t\t\t\t\t\t\t\t\t\t\t<img src=\"https:\/\/cndl.org.br\/convencaonacional\/2022\/wp-content\/uploads\/2022\/01\/Banner-570-x-570.jpg\" title=\"Banner (570 x 570)\" alt=\"Banner (570 x 570)\" \/>\t\t\t\t\t\t\t\t\t\t\t\t\t\t<\/div>\n\t\t\t\t\t\t<\/div>\n\t\t\t\t<\/div>\n\t\t\t\t\t\t<\/div>\n\t\t\t\t\t<\/div>\n\t\t<\/div>\n\t\t\t\t\t\t\t\t<\/div>\n\t\t\t\t\t<\/div>\n\t\t<\/div>\n\t\t\t\t<div class=\"elementor-section elementor-top-section elementor-element elementor-element-58819b7 elementor-section-stretched elementor-section-full_width elementor-section-content-middle elementor-section-height-default elementor-section-height-default\" data-id=\"58819b7\" data-element_type=\"section\" data-settings=\"{&quot;stretch_section&quot;:&quot;section-stretched&quot;,&quot;background_background&quot;:&quot;classic&quot;}\">\n\t\t\t\t\t\t<div class=\"elementor-container elementor-column-gap-no\">\n\t\t\t\t\t\t\t<div class=\"elementor-row\">\n\t\t\t\t\t<div class=\"elementor-column elementor-col-50 elementor-top-column elementor-element elementor-element-fdd1a6a\" data-id=\"fdd1a6a\" data-element_type=\"column\" data-settings=\"{&quot;background_background&quot;:&quot;classic&quot;}\">\n\t\t\t<div class=\"elementor-column-wrap elementor-element-populated\">\n\t\t\t\t\t\t\t<div class=\"elementor-widget-wrap\">\n\t\t\t\t\t\t<div class=\"elementor-element elementor-element-c6202a6 elementor-widget elementor-widget-image\" data-id=\"c6202a6\" data-element_type=\"widget\" data-widget_type=\"image.default\">\n\t\t\t\t<div class=\"elementor-widget-container\">\n\t\t\t\t\t\t\t\t<div class=\"elementor-image\">\n\t\t\t\t\t\t\t\t\t\t\t\t<img width=\"914\" height=\"896\" src=\"https:\/\/cndl.org.br\/convencaonacional\/2022\/wp-content\/uploads\/2019\/10\/campos.jpg\" class=\"attachment-large size-large\" alt=\"\" loading=\"lazy\" srcset=\"https:\/\/cndl.org.br\/convencaonacional\/2022\/wp-content\/uploads\/2019\/10\/campos.jpg 914w, https:\/\/cndl.org.br\/convencaonacional\/2022\/wp-content\/uploads\/2019\/10\/campos-300x294.jpg 300w, https:\/\/cndl.org.br\/convencaonacional\/2022\/wp-content\/uploads\/2019\/10\/campos-768x753.jpg 768w, https:\/\/cndl.org.br\/convencaonacional\/2022\/wp-content\/uploads\/2019\/10\/campos-600x588.jpg 600w\" sizes=\"(max-width: 914px) 100vw, 914px\" \/>\t\t\t\t\t\t\t\t\t\t\t\t\t\t<\/div>\n\t\t\t\t\t\t<\/div>\n\t\t\t\t<\/div>\n\t\t\t\t\t\t<\/div>\n\t\t\t\t\t<\/div>\n\t\t<\/div>\n\t\t\t\t<div class=\"elementor-column elementor-col-50 elementor-top-column elementor-element elementor-element-a48b398\" data-id=\"a48b398\" data-element_type=\"column\">\n\t\t\t<div class=\"elementor-column-wrap elementor-element-populated\">\n\t\t\t\t\t\t\t<div class=\"elementor-widget-wrap\">\n\t\t\t\t\t\t<div class=\"elementor-element elementor-element-6097e09 elementor-widget elementor-widget-rt-text-with-title\" data-id=\"6097e09\" data-element_type=\"widget\" data-widget_type=\"rt-text-with-title.default\">\n\t\t\t\t<div class=\"elementor-widget-container\">\n\t\t\t<div class=\"rt-el-twt-2 rtin-light\">\n\t\t\t<h2 class=\"rtin-title title-black\">Campos do Jord\u00e3o \/ SP<\/h2>\n\t\t<div class=\"rtin-content\"><p>Campos do Jord\u00e3o \u00e9 um munic\u00edpio brasileiro localizado no interior do estado de S\u00e3o Paulo, mais precisamente na Serra da Mantiqueira. Faz parte da rec\u00e9m-criada Regi\u00e3o Metropolitana do Vale do Para\u00edba e Litoral Norte, sub-regi\u00e3o 2 de Taubat\u00e9.<\/p><p>A cidade fica \u00e0 altitude de 1 628 metros, sendo, portanto, o mais alto munic\u00edpio brasileiro, considerando a altitude da sede. Sua popula\u00e7\u00e3o estimada, \u00e9 de 51 mil habitantes. A 173 quil\u00f4metros da cidade de S\u00e3o Paulo, sua principal via de acesso \u00e9 a Rodovia Floriano Rodrigues Pinheiro.<\/p><p>Em 29 de abril de 1874, Mateus da Costa Pinto adquiriu alguns lotes \u00e0 beira do Rio Imbiri e a data passou a ser considerada a data oficial de funda\u00e7\u00e3o do munic\u00edpio. Em 1934, Campos do Jord\u00e3o emancipou-se de S\u00e3o Bento do Sapuca\u00ed e a partir da d\u00e9cada de 1950, a cidade passou a se consolidar como um dos principais destinos de inverno do Brasil. Campos do Jord\u00e3o \u00e9 um dos quinze munic\u00edpios paulistas considerados est\u00e2ncias clim\u00e1ticas pelo governo paulista.<\/p><p><strong>LOCAL DO EVENTO: <\/strong>Campos do Jord\u00e3o Convention Center - Av. Macedo Soares, 499 - Capivari, Campos do Jord\u00e3o - SP<\/p><\/div>\n\t\t\t<div class=\"rtin-button\"><a class=\"btn-fill color-yellow border-radius-5 size-lg gust\" href=\"https:\/\/www.youtube.com\/watch?v=Tp_TPPAXPEI\" target=\"_blank\">VEJA O V\u00cdDEO<\/a><\/div>\t\t\n\t<\/div>\t\t<\/div>\n\t\t\t\t<\/div>\n\t\t\t\t\t\t<\/div>\n\t\t\t\t\t<\/div>\n\t\t<\/div>\n\t\t\t\t\t\t\t\t<\/div>\n\t\t\t\t\t<\/div>\n\t\t<\/div>\n\t\t\t\t<section class=\"elementor-section elementor-top-section elementor-element elementor-element-8e12606 elementor-section-height-min-height elementor-section-items-bottom elementor-section-boxed elementor-section-height-default\" data-id=\"8e12606\" data-element_type=\"section\">\n\t\t\t\t\t\t<div class=\"elementor-container elementor-column-gap-default\">\n\t\t\t\t\t\t\t<div class=\"elementor-row\">\n\t\t\t\t\t<div class=\"elementor-column elementor-col-100 elementor-top-column elementor-element elementor-element-871cc68\" data-id=\"871cc68\" data-element_type=\"column\">\n\t\t\t<div class=\"elementor-column-wrap elementor-element-populated\">\n\t\t\t\t\t\t\t<div class=\"elementor-widget-wrap\">\n\t\t\t\t\t\t<div class=\"elementor-element elementor-element-b4b1837 elementor-widget elementor-widget-heading\" data-id=\"b4b1837\" data-element_type=\"widget\" data-widget_type=\"heading.default\">\n\t\t\t\t<div class=\"elementor-widget-container\">\n\t\t\t<h2 class=\"elementor-heading-title elementor-size-default\">Patrocinadores e Parceiros<\/h2>\t\t<\/div>\n\t\t\t\t<\/div>\n\t\t\t\t\t\t<\/div>\n\t\t\t\t\t<\/div>\n\t\t<\/div>\n\t\t\t\t\t\t\t\t<\/div>\n\t\t\t\t\t<\/div>\n\t\t<\/section>\n\t\t\t\t<section class=\"elementor-section elementor-top-section elementor-element elementor-element-f34d527 elementor-section-boxed elementor-section-height-default elementor-section-height-default\" data-id=\"f34d527\" data-element_type=\"section\">\n\t\t\t\t\t\t<div class=\"elementor-container elementor-column-gap-default\">\n\t\t\t\t\t\t\t<div class=\"elementor-row\">\n\t\t\t\t\t<div class=\"elementor-column elementor-col-100 elementor-top-column elementor-element elementor-element-f999185\" data-id=\"f999185\" data-element_type=\"column\">\n\t\t\t<div class=\"elementor-column-wrap elementor-element-populated\">\n\t\t\t\t\t\t\t<div class=\"elementor-widget-wrap\">\n\t\t\t\t\t\t<div class=\"elementor-element elementor-element-4fa7ec8 elementor-widget elementor-widget-text-editor\" data-id=\"4fa7ec8\" data-element_type=\"widget\" data-widget_type=\"text-editor.default\">\n\t\t\t\t<div class=\"elementor-widget-container\">\n\t\t\t\t\t\t\t\t<div class=\"elementor-text-editor elementor-clearfix\">\n\t\t\t\t<p style=\"text-align: center;\">Seja um patrocinador ou parceiro da 56\u00ba Conven\u00e7\u00e3o Nacional do Com\u00e9rcio Lojista.<\/p><p>\u00a0<\/p><p style=\"text-align: center;\"><div role=\"form\" class=\"wpcf7\" id=\"wpcf7-f8-o1\" lang=\"en-US\" dir=\"ltr\">\n<div class=\"screen-reader-response\"><p role=\"status\" aria-live=\"polite\" aria-atomic=\"true\"><\/p> <ul><\/ul><\/div>\n<form action=\"\/convencaonacional\/2022\/wp-json\/wp\/v2\/pages\/496#wpcf7-f8-o1\" method=\"post\" class=\"wpcf7-form init\" novalidate=\"novalidate\" data-status=\"init\">\n<div style=\"display: none;\">\n<input type=\"hidden\" name=\"_wpcf7\" value=\"8\" \/>\n<input type=\"hidden\" name=\"_wpcf7_version\" value=\"5.6.2\" \/>\n<input type=\"hidden\" name=\"_wpcf7_locale\" value=\"en_US\" \/>\n<input type=\"hidden\" name=\"_wpcf7_unit_tag\" value=\"wpcf7-f8-o1\" \/>\n<input type=\"hidden\" name=\"_wpcf7_container_post\" value=\"0\" \/>\n<input type=\"hidden\" name=\"_wpcf7_posted_data_hash\" value=\"\" \/>\n<input type=\"hidden\" name=\"_wpcf7_recaptcha_response\" value=\"\" \/>\n<\/div>\n<div class=\"row\">\n<div class=\"col-lg-6\">\n<label> Nome (obrigat\u00f3rio)<br \/>\n    <span class=\"wpcf7-form-control-wrap\" data-name=\"your-name\"><input type=\"text\" name=\"your-name\" value=\"\" size=\"40\" class=\"wpcf7-form-control wpcf7-text wpcf7-validates-as-required\" aria-required=\"true\" aria-invalid=\"false\" \/><\/span> <\/label>\n<\/div>\n<div class=\"col-lg-6\">\n<label> Empresa (obrigat\u00f3rio)<br \/>\n  <span class=\"wpcf7-form-control-wrap\" data-name=\"empresa\"><input type=\"text\" name=\"empresa\" value=\"\" size=\"40\" class=\"wpcf7-form-control wpcf7-text wpcf7-validates-as-required\" aria-required=\"true\" aria-invalid=\"false\" \/><\/span> <\/label>\n<\/div>\n<div class=\"col-lg-6\">\n<label> Telefone (obrigat\u00f3rio)<br \/>\n  <span class=\"wpcf7-form-control-wrap\" data-name=\"telefone\"><input type=\"tel\" name=\"telefone\" value=\"\" size=\"40\" class=\"wpcf7-form-control wpcf7-text wpcf7-tel wpcf7-validates-as-required wpcf7-validates-as-tel\" aria-required=\"true\" aria-invalid=\"false\" \/><\/span>  <\/label>\n<\/div>\n<div class=\"col-lg-6\">\n<label> E-mail (obrigat\u00f3rio)<br \/>\n    <span class=\"wpcf7-form-control-wrap\" data-name=\"your-email\"><input type=\"email\" name=\"your-email\" value=\"\" size=\"40\" class=\"wpcf7-form-control wpcf7-text wpcf7-email wpcf7-validates-as-required wpcf7-validates-as-email\" aria-required=\"true\" aria-invalid=\"false\" \/><\/span> <\/label>\n<\/div>\n<div class=\"col-lg-12\">\n<label> Observa\u00e7\u00e3o<br \/>\n    <span class=\"wpcf7-form-control-wrap\" data-name=\"your-message\"><textarea name=\"your-message\" cols=\"40\" rows=\"10\" class=\"wpcf7-form-control wpcf7-textarea\" aria-invalid=\"false\"><\/textarea><\/span> <\/label>\n<\/div>\n<div class=\"col-lg-12\">\n<input type=\"submit\" value=\"Enviar\" class=\"wpcf7-form-control has-spinner wpcf7-submit\" \/>\n<\/div>\n<\/div>\n<div class=\"wpcf7-response-output\" aria-hidden=\"true\"><\/div><\/form><\/div><\/p>\t\t\t\t\t<\/div>\n\t\t\t\t\t\t<\/div>\n\t\t\t\t<\/div>\n\t\t\t\t\t\t<\/div>\n\t\t\t\t\t<\/div>\n\t\t<\/div>\n\t\t\t\t\t\t\t\t<\/div>\n\t\t\t\t\t<\/div>\n\t\t<\/section>\n\t\t\t\t<div class=\"elementor-section elementor-top-section elementor-element elementor-element-1c9b0b99 elementor-section-stretched elementor-section-boxed elementor-section-height-default elementor-section-height-default\" data-id=\"1c9b0b99\" data-element_type=\"section\" data-settings=\"{&quot;stretch_section&quot;:&quot;section-stretched&quot;,&quot;background_background&quot;:&quot;classic&quot;}\">\n\t\t\t\t\t\t\t<div class=\"elementor-background-overlay\"><\/div>\n\t\t\t\t\t\t\t<div class=\"elementor-container elementor-column-gap-default\">\n\t\t\t\t\t\t\t<div class=\"elementor-row\">\n\t\t\t\t\t<div class=\"elementor-column elementor-col-100 elementor-top-column elementor-element elementor-element-375f1e9a\" data-id=\"375f1e9a\" data-element_type=\"column\">\n\t\t\t<div class=\"elementor-column-wrap elementor-element-populated\">\n\t\t\t\t\t\t\t<div class=\"elementor-widget-wrap\">\n\t\t\t\t\t\t<div class=\"elementor-element elementor-element-196cd15 elementor-widget elementor-widget-rt-text-with-title\" data-id=\"196cd15\" data-element_type=\"widget\" data-widget_type=\"rt-text-with-title.default\">\n\t\t\t\t<div class=\"elementor-widget-container\">\n\t\t\t<div class=\"rt-el-twt-1 rtin-primary\">\n\t\t\t<h2 class=\"rtin-title title-black\">A mudan\u00e7a cultural do varejo<\/h2>\n\t\t<div class=\"rtin-content\"><p>Renomados especialistas e grandes varejistas ser\u00e3o convidados a debater e interagir com os participantes.<\/p><\/div>\n\t<\/div>\n\t\t<\/div>\n\t\t\t\t<\/div>\n\t\t\t\t\t\t<\/div>\n\t\t\t\t\t<\/div>\n\t\t<\/div>\n\t\t\t\t\t\t\t\t<\/div>\n\t\t\t\t\t<\/div>\n\t\t<\/div>\n\t\t\t\t<div class=\"elementor-section elementor-top-section elementor-element elementor-element-9957715 elementor-section-stretched elementor-section-full_width elementor-section-height-default elementor-section-height-default\" data-id=\"9957715\" data-element_type=\"section\" data-settings=\"{&quot;stretch_section&quot;:&quot;section-stretched&quot;}\">\n\t\t\t\t\t\t<div class=\"elementor-container elementor-column-gap-no\">\n\t\t\t\t\t\t\t<div class=\"elementor-row\">\n\t\t\t\t\t<div class=\"elementor-column elementor-col-100 elementor-top-column elementor-element elementor-element-e943f21\" data-id=\"e943f21\" data-element_type=\"column\">\n\t\t\t<div class=\"elementor-column-wrap elementor-element-populated\">\n\t\t\t\t\t\t\t<div class=\"elementor-widget-wrap\">\n\t\t\t\t\t\t<div class=\"elementor-element elementor-element-1146cd4 elementor-widget elementor-widget-text-editor\" data-id=\"1146cd4\" data-element_type=\"widget\" data-widget_type=\"text-editor.default\">\n\t\t\t\t<div class=\"elementor-widget-container\">\n\t\t\t\t\t\t\t\t<div class=\"elementor-text-editor elementor-clearfix\">\n\t\t\t\t<iframe loading=\"lazy\" src=\"https:\/\/www.google.com\/maps\/embed?pb=!1m18!1m12!1m3!1d1840.0905514862125!2d-45.57061844384847!3d-22.721509085106376!2m3!1f0!2f0!3f0!3m2!1i1024!2i768!4f13.1!3m3!1m2!1s0x94cc8853053b293f%3A0xd40d18a2768e8fb3!2sCampos%20do%20Jord%C3%A3o%20Convention%20Center!5e0!3m2!1spt-BR!2sbr!4v1572879574760!5m2!1spt-BR!2sbr\" width=\"600\" height=\"500\" frameborder=\"0\" style=\"border:0;\" allowfullscreen=\"\"><\/iframe>\t\t\t\t\t<\/div>\n\t\t\t\t\t\t<\/div>\n\t\t\t\t<\/div>\n\t\t\t\t\t\t<\/div>\n\t\t\t\t\t<\/div>\n\t\t<\/div>\n\t\t\t\t\t\t\t\t<\/div>\n\t\t\t\t\t<\/div>\n\t\t<\/div>\n\t\t\t\t<section class=\"elementor-section elementor-top-section elementor-element elementor-element-384e253 elementor-section-full_width elementor-section-stretched elementor-section-height-default elementor-section-height-default\" data-id=\"384e253\" data-element_type=\"section\" data-settings=\"{&quot;stretch_section&quot;:&quot;section-stretched&quot;,&quot;background_background&quot;:&quot;classic&quot;}\">\n\t\t\t\t\t\t<div class=\"elementor-container elementor-column-gap-extended\">\n\t\t\t\t\t\t\t<div class=\"elementor-row\">\n\t\t\t\t\t<div class=\"elementor-column elementor-col-100 elementor-top-column elementor-element elementor-element-e74d1c2\" data-id=\"e74d1c2\" data-element_type=\"column\">\n\t\t\t<div class=\"elementor-column-wrap elementor-element-populated\">\n\t\t\t\t\t\t\t<div class=\"elementor-widget-wrap\">\n\t\t\t\t\t\t<div class=\"elementor-element elementor-element-4fdbab2 elementor-widget elementor-widget-text-editor\" data-id=\"4fdbab2\" data-element_type=\"widget\" data-widget_type=\"text-editor.default\">\n\t\t\t\t<div class=\"elementor-widget-container\">\n\t\t\t\t\t\t\t\t<div class=\"elementor-text-editor elementor-clearfix\">\n\t\t\t\t<img loading=\"lazy\" class=\"size-full wp-image-2701 aligncenter\" src=\"https:\/\/cndl.org.br\/convencaonacional\/2022\/wp-content\/uploads\/2019\/10\/logo-branco.png\" alt=\"\" width=\"180\" height=\"45\" \/><br>\n<p style=\"text-align: center;\"><span style=\"color: #ffffff;\">A Confedera\u00e7\u00e3o Nacional de Dirigentes Lojistas (CNDL) representa institucionalmente\nas <br>Federa\u00e7\u00f5es de C\u00e2maras de Dirigentes Lojistas nos estados (FCDLs), as C\u00e2maras de Dirigentes<br>\nLojistas nos munic\u00edpios (CDLs), a CDL Jovem e o SPC Brasil.<\/span><\/p>\n\n<center><i class=\"fa fa-facebook-square fa-lg\" style=\"color: #ffffff;\"><\/i>\u00a0\u00a0\u00a0 <i class=\"fa fa-instagram fa-lg\" style=\"color: #ffffff;\"><\/i>\u00a0\u00a0\u00a0 <i class=\"fa fa-twitter fa-lg\" style=\"color: #ffffff;\"><\/i>\u00a0\u00a0\u00a0 <i class=\"fa fa-youtube-play fa-lg\" style=\"color: #ffffff;\"><\/i><\/center>\n<p style=\"text-align: center;\"><img class=\"footer_imagem_selos_cndl\" style=\"width: 570px; margin-top: 35px;\" src=\"https:\/\/cndl.org.br\/convencaonacional\/2022\/wp-content\/uploads\/2019\/10\/sistema_cndl.png\" \/><\/p>\n<p style=\"text-align: center;\"><span style=\"color: #ffffff;\"><strong>\u00a9 CNDL 2022 &#8211; Todos os direitos reservados.<\/strong><\/span><\/p>\t\t\t\t\t<\/div>\n\t\t\t\t\t\t<\/div>\n\t\t\t\t<\/div>\n\t\t\t\t\t\t<\/div>\n\t\t\t\t\t<\/div>\n\t\t<\/div>\n\t\t\t\t\t\t\t\t<\/div>\n\t\t\t\t\t<\/div>\n\t\t<\/section>\n\t\t\t\t\t\t\t\t\t<\/div>\n\t\t\t<\/div>\n\t\t\t\t\t<\/div>\n\t\t","protected":false},"excerpt":{"rendered":"<p>De 12 a 15 de maio de 2022, o Sistema CNDL ir\u00e1 se reunir novamente e desta vez ser\u00e1 na cidade de Campos do Jord\u00e3o (SP) durante 56\u00aa Conven\u00e7\u00e3o Nacional do Com\u00e9rcio Lojista. O objetivo deste grande encontro de l\u00edderes e empres\u00e1rios \u00e9 debater os rumos do setor de com\u00e9rcio e servi\u00e7os, e a programa\u00e7\u00e3o&#8230;<\/p>\n","protected":false},"author":1,"featured_media":0,"parent":0,"menu_order":0,"comment_status":"closed","ping_status":"closed","template":"","meta":[],"_links":{"self":[{"href":"https:\/\/cndl.org.br\/convencaonacional\/2022\/wp-json\/wp\/v2\/pages\/496"}],"collection":[{"href":"https:\/\/cndl.org.br\/convencaonacional\/2022\/wp-json\/wp\/v2\/pages"}],"about":[{"href":"https:\/\/cndl.org.br\/convencaonacional\/2022\/wp-json\/wp\/v2\/types\/page"}],"author":[{"embeddable":true,"href":"https:\/\/cndl.org.br\/convencaonacional\/2022\/wp-json\/wp\/v2\/users\/1"}],"replies":[{"embeddable":true,"href":"https:\/\/cndl.org.br\/convencaonacional\/2022\/wp-json\/wp\/v2\/comments?post=496"}],"version-history":[{"count":57,"href":"https:\/\/cndl.org.br\/convencaonacional\/2022\/wp-json\/wp\/v2\/pages\/496\/revisions"}],"predecessor-version":[{"id":17006,"href":"https:\/\/cndl.org.br\/convencaonacional\/2022\/wp-json\/wp\/v2\/pages\/496\/revisions\/17006"}],"wp:attachment":[{"href":"https:\/\/cndl.org.br\/convencaonacional\/2022\/wp-json\/wp\/v2\/media?parent=496"}],"curies":[{"name":"wp","href":"https:\/\/api.w.org\/{rel}","templated":true}]}}