{"id":3496,"date":"2023-01-10T10:59:13","date_gmt":"2023-01-10T13:59:13","guid":{"rendered":"https:\/\/cndl.org.br\/forum\/2023\/?page_id=3496"},"modified":"2025-10-15T11:32:20","modified_gmt":"2025-10-15T14:32:20","slug":"hospedagem","status":"publish","type":"page","link":"https:\/\/cndl.org.br\/forum\/hospedagem\/","title":{"rendered":"Hospedagem"},"content":{"rendered":"\t\t<div data-elementor-type=\"wp-page\" data-elementor-id=\"3496\" class=\"elementor elementor-3496\">\n\t\t\t\t\t\t\t\t\t<section class=\"elementor-section elementor-top-section elementor-element elementor-element-d4fe5df elementor-section-stretched elementor-section-boxed elementor-section-height-default elementor-section-height-default\" data-id=\"d4fe5df\" data-element_type=\"section\" data-settings=\"{&quot;stretch_section&quot;:&quot;section-stretched&quot;,&quot;background_background&quot;:&quot;classic&quot;}\">\n\t\t\t\t\t\t<div class=\"elementor-container elementor-column-gap-default\">\n\t\t\t\t\t<div class=\"elementor-column elementor-col-50 elementor-top-column elementor-element elementor-element-3e228fb\" data-id=\"3e228fb\" data-element_type=\"column\">\n\t\t\t<div class=\"elementor-widget-wrap elementor-element-populated\">\n\t\t\t\t\t\t\t\t<div class=\"elementor-element elementor-element-aec11cf elementor-widget elementor-widget-image\" data-id=\"aec11cf\" data-element_type=\"widget\" data-widget_type=\"image.default\">\n\t\t\t\t<div class=\"elementor-widget-container\">\n\t\t\t\t\t\t\t\t\t\t\t\t\t\t\t<img loading=\"lazy\" decoding=\"async\" width=\"599\" height=\"288\" src=\"https:\/\/cndl.org.br\/forum\/wp-content\/uploads\/2023\/01\/hotel1.jpg\" class=\"attachment-large size-large wp-image-3504\" alt=\"\" srcset=\"https:\/\/cndl.org.br\/forum\/wp-content\/uploads\/2023\/01\/hotel1.jpg 599w, https:\/\/cndl.org.br\/forum\/wp-content\/uploads\/2023\/01\/hotel1-300x144.jpg 300w\" sizes=\"(max-width: 599px) 100vw, 599px\" \/>\t\t\t\t\t\t\t\t\t\t\t\t\t\t\t<\/div>\n\t\t\t\t<\/div>\n\t\t\t\t<div class=\"elementor-element elementor-element-45d068a elementor-widget elementor-widget-image\" data-id=\"45d068a\" data-element_type=\"widget\" data-widget_type=\"image.default\">\n\t\t\t\t<div class=\"elementor-widget-container\">\n\t\t\t\t\t\t\t\t\t\t\t\t\t\t\t<img loading=\"lazy\" decoding=\"async\" width=\"1023\" height=\"609\" src=\"https:\/\/cndl.org.br\/forum\/wp-content\/uploads\/2023\/01\/hotel2.jpg\" class=\"attachment-large size-large wp-image-3505\" alt=\"\" srcset=\"https:\/\/cndl.org.br\/forum\/wp-content\/uploads\/2023\/01\/hotel2.jpg 1023w, https:\/\/cndl.org.br\/forum\/wp-content\/uploads\/2023\/01\/hotel2-300x179.jpg 300w, https:\/\/cndl.org.br\/forum\/wp-content\/uploads\/2023\/01\/hotel2-600x357.jpg 600w\" sizes=\"(max-width: 1023px) 100vw, 1023px\" \/>\t\t\t\t\t\t\t\t\t\t\t\t\t\t\t<\/div>\n\t\t\t\t<\/div>\n\t\t\t\t\t<\/div>\n\t\t<\/div>\n\t\t\t\t<div class=\"elementor-column elementor-col-50 elementor-top-column elementor-element elementor-element-e533910\" data-id=\"e533910\" data-element_type=\"column\">\n\t\t\t<div class=\"elementor-widget-wrap elementor-element-populated\">\n\t\t\t\t\t\t\t\t<div class=\"elementor-element elementor-element-1752d04 elementor-widget elementor-widget-text-editor\" data-id=\"1752d04\" data-element_type=\"widget\" data-widget_type=\"text-editor.default\">\n\t\t\t\t<div class=\"elementor-widget-container\">\n\t\t\t\t\t\t\t<h2>As<b> inscri\u00e7\u00f5es n\u00e3o incluem hospedagem, para reservas entrar em contato diretamente com o hotel:<\/b><\/h2><p>Desconto especial de\u00a0<strong>25% na tarifa do dia<\/strong>\u00a0para todos os h\u00f3spedes com o c\u00f3digo \u201c<strong>CNDL2025<\/strong>\u201d, dentro do per\u00edodo de\u00a0<strong>19 a 23\/10\/2025 (per\u00edodo do evento)<\/strong>.<\/p><p>A tarifa \u00e9 flutuante e o desconto ser\u00e1 aplicado nos valores vigentes no ato da reserva para reservas\u00a0<strong>pr\u00e9-pagas e n\u00e3o-reembols\u00e1veis<\/strong>.<\/p><p><em>Em caso de d\u00favidas entre em contato com o hotel atrav\u00e9s do telefone\u00a0<strong>(61) 3424-7018<\/strong>\u00a0ou pelo e-mail\u00a0<strong>df.reservas@goldentulip.com.br<\/strong>.<\/em><\/p>\t\t\t\t\t\t<\/div>\n\t\t\t\t<\/div>\n\t\t\t\t\t<\/div>\n\t\t<\/div>\n\t\t\t\t\t\t\t<\/div>\n\t\t<\/section>\n\t\t\t\t<div class=\"elementor-section elementor-top-section elementor-element elementor-element-cab7a7a elementor-section-stretched elementor-section-boxed elementor-section-height-default elementor-section-height-default\" data-id=\"cab7a7a\" data-element_type=\"section\" data-settings=\"{&quot;stretch_section&quot;:&quot;section-stretched&quot;,&quot;background_background&quot;:&quot;classic&quot;}\">\n\t\t\t\t\t\t\t<div class=\"elementor-background-overlay\"><\/div>\n\t\t\t\t\t\t\t<div class=\"elementor-container elementor-column-gap-default\">\n\t\t\t\t\t<div class=\"elementor-column elementor-col-100 elementor-top-column elementor-element elementor-element-13dd0ba\" data-id=\"13dd0ba\" data-element_type=\"column\">\n\t\t\t<div class=\"elementor-widget-wrap elementor-element-populated\">\n\t\t\t\t\t\t\t\t<div class=\"elementor-element elementor-element-07fb11b elementor-widget elementor-widget-rt-text-with-title\" data-id=\"07fb11b\" data-element_type=\"widget\" data-widget_type=\"rt-text-with-title.default\">\n\t\t\t\t<div class=\"elementor-widget-container\">\n\t\t\t<div class=\"rt-el-twt-1 rtin-primary\">\r\n\t\t\t<h2 class=\"rtin-title title-black\">VII F\u00f3rum Nacional do Com\u00e9rcio<\/h2>\r\n\t\t<div class=\"rtin-content\"><p><span style=\"color: #ffffff\">O Sistema CNDL reune mais uma vez com os principais representantes do poder p\u00fablico para debater<\/span><br \/><span style=\"color: #ffffff\">as propostas que apontam para o desenvolvimento do setor de Com\u00e9rcio e Servi\u00e7os.<\/span><\/p><\/div>\r\n\t\t\t<div class=\"rtin-button\"><a class=\"btn-fill size-lg border-radius-5 color-yellow gust\" href=\"https:\/\/cndl.org.br\/forum\/sobre-o-evento\/\">Saiba mais<\/a><\/div>\t\t\r\n\t<\/div>\r\n\t\t<\/div>\n\t\t\t\t<\/div>\n\t\t\t\t\t<\/div>\n\t\t<\/div>\n\t\t\t\t\t\t\t<\/div>\n\t\t<\/div>\n\t\t\t\t<div class=\"elementor-section elementor-top-section elementor-element elementor-element-f2f1512 elementor-section-boxed elementor-section-height-default elementor-section-height-default\" data-id=\"f2f1512\" data-element_type=\"section\">\n\t\t\t\t\t\t<div class=\"elementor-container elementor-column-gap-default\">\n\t\t\t\t\t<div class=\"elementor-column elementor-col-100 elementor-top-column elementor-element elementor-element-6fb8625\" data-id=\"6fb8625\" data-element_type=\"column\">\n\t\t\t<div class=\"elementor-widget-wrap elementor-element-populated\">\n\t\t\t\t\t\t\t\t<div class=\"elementor-element elementor-element-0f74392 elementor-widget elementor-widget-image\" data-id=\"0f74392\" data-element_type=\"widget\" data-widget_type=\"image.default\">\n\t\t\t\t<div class=\"elementor-widget-container\">\n\t\t\t\t\t\t\t\t\t\t\t\t\t\t\t<img loading=\"lazy\" decoding=\"async\" width=\"1143\" height=\"220\" src=\"https:\/\/cndl.org.br\/forum\/wp-content\/uploads\/2024\/09\/regua-forum-sistema.jpg\" class=\"attachment-full size-full wp-image-4569\" alt=\"\" srcset=\"https:\/\/cndl.org.br\/forum\/wp-content\/uploads\/2024\/09\/regua-forum-sistema.jpg 1143w, https:\/\/cndl.org.br\/forum\/wp-content\/uploads\/2024\/09\/regua-forum-sistema-300x58.jpg 300w, https:\/\/cndl.org.br\/forum\/wp-content\/uploads\/2024\/09\/regua-forum-sistema-1024x197.jpg 1024w, https:\/\/cndl.org.br\/forum\/wp-content\/uploads\/2024\/09\/regua-forum-sistema-600x115.jpg 600w\" sizes=\"(max-width: 1143px) 100vw, 1143px\" \/>\t\t\t\t\t\t\t\t\t\t\t\t\t\t\t<\/div>\n\t\t\t\t<\/div>\n\t\t\t\t\t<\/div>\n\t\t<\/div>\n\t\t\t\t\t\t\t<\/div>\n\t\t<\/div>\n\t\t\t\t<div class=\"elementor-section elementor-top-section elementor-element elementor-element-7522795 elementor-section-stretched elementor-section-full_width elementor-section-height-default elementor-section-height-default\" data-id=\"7522795\" data-element_type=\"section\" data-settings=\"{&quot;stretch_section&quot;:&quot;section-stretched&quot;,&quot;background_background&quot;:&quot;classic&quot;}\">\n\t\t\t\t\t\t<div class=\"elementor-container elementor-column-gap-no\">\n\t\t\t\t\t<div class=\"elementor-column elementor-col-100 elementor-top-column elementor-element elementor-element-2d8b3ef\" data-id=\"2d8b3ef\" data-element_type=\"column\">\n\t\t\t<div class=\"elementor-widget-wrap elementor-element-populated\">\n\t\t\t\t\t\t\t\t<div class=\"elementor-element elementor-element-1a9a968 elementor-widget elementor-widget-text-editor\" data-id=\"1a9a968\" data-element_type=\"widget\" data-widget_type=\"text-editor.default\">\n\t\t\t\t<div class=\"elementor-widget-container\">\n\t\t\t\t\t\t\t<iframe src=\"https:\/\/www.google.com\/maps\/embed?pb=!1m18!1m12!1m3!1d7678.7123782330855!2d-47.83058746985582!3d-15.785161722394738!2m3!1f0!2f0!3f0!3m2!1i1024!2i768!4f13.1!3m3!1m2!1s0x935a3cbc400e9f7d%3A0xb49be66b2572c9e!2sRoyal%20Tulip%20Bras%C3%ADlia%20Alvorada!5e0!3m2!1spt-BR!2sbr!4v1665173991293!5m2!1spt-BR!2sbr\" width=\"600\" height=\"450\" style=\"border:0;\" allowfullscreen=\"\" loading=\"lazy\" referrerpolicy=\"no-referrer-when-downgrade\"><\/iframe>\t\t\t\t\t\t<\/div>\n\t\t\t\t<\/div>\n\t\t\t\t\t<\/div>\n\t\t<\/div>\n\t\t\t\t\t\t\t<\/div>\n\t\t<\/div>\n\t\t\t\t\t\t\t<\/div>\n\t\t","protected":false},"excerpt":{"rendered":"<p>As inscri\u00e7\u00f5es n\u00e3o incluem hospedagem, para reservas entrar em contato diretamente com o hotel: Desconto especial de\u00a025% na tarifa do dia\u00a0para todos os h\u00f3spedes com o c\u00f3digo \u201cCNDL2025\u201d, dentro do per\u00edodo de\u00a019 a 23\/10\/2025 (per\u00edodo do evento). A tarifa \u00e9 flutuante e o desconto ser\u00e1 aplicado nos valores vigentes no ato da reserva para reservas\u00a0pr\u00e9-pagas&#8230;<\/p>\n","protected":false},"author":1,"featured_media":0,"parent":0,"menu_order":0,"comment_status":"closed","ping_status":"closed","template":"","meta":{"_uag_custom_page_level_css":"","footnotes":""},"class_list":["post-3496","page","type-page","status-publish","hentry"],"uagb_featured_image_src":{"full":false,"thumbnail":false,"medium":false,"medium_large":false,"large":false,"1536x1536":false,"2048x2048":false,"eventalk-size1":false,"eventalk-size2":false,"eventalk-size3":false,"eventalk-size4":false,"eventalk-size5":false,"eventalk-size6":false,"eventalk-size7":false,"eventalk-size8":false,"eventalk-size9":false,"eventalk-size10":false,"woocommerce_thumbnail":false,"woocommerce_single":false,"woocommerce_gallery_thumbnail":false},"uagb_author_info":{"display_name":"onsize","author_link":"https:\/\/cndl.org.br\/forum\/author\/onsize\/"},"uagb_comment_info":0,"uagb_excerpt":"As inscri\u00e7\u00f5es n\u00e3o incluem hospedagem, para reservas entrar em contato diretamente com o hotel: Desconto especial de\u00a025% na tarifa do dia\u00a0para todos os h\u00f3spedes com o c\u00f3digo \u201cCNDL2025\u201d, dentro do per\u00edodo de\u00a019 a 23\/10\/2025 (per\u00edodo do evento). A tarifa \u00e9 flutuante e o desconto ser\u00e1 aplicado nos valores vigentes no ato da reserva para reservas\u00a0pr\u00e9-pagas...","_links":{"self":[{"href":"https:\/\/cndl.org.br\/forum\/wp-json\/wp\/v2\/pages\/3496"}],"collection":[{"href":"https:\/\/cndl.org.br\/forum\/wp-json\/wp\/v2\/pages"}],"about":[{"href":"https:\/\/cndl.org.br\/forum\/wp-json\/wp\/v2\/types\/page"}],"author":[{"embeddable":true,"href":"https:\/\/cndl.org.br\/forum\/wp-json\/wp\/v2\/users\/1"}],"replies":[{"embeddable":true,"href":"https:\/\/cndl.org.br\/forum\/wp-json\/wp\/v2\/comments?post=3496"}],"version-history":[{"count":131,"href":"https:\/\/cndl.org.br\/forum\/wp-json\/wp\/v2\/pages\/3496\/revisions"}],"predecessor-version":[{"id":5237,"href":"https:\/\/cndl.org.br\/forum\/wp-json\/wp\/v2\/pages\/3496\/revisions\/5237"}],"wp:attachment":[{"href":"https:\/\/cndl.org.br\/forum\/wp-json\/wp\/v2\/media?parent=3496"}],"curies":[{"name":"wp","href":"https:\/\/api.w.org\/{rel}","templated":true}]}}