{"id":5212,"date":"2025-10-15T11:21:12","date_gmt":"2025-10-15T14:21:12","guid":{"rendered":"https:\/\/cndl.org.br\/forum\/?page_id=5212"},"modified":"2025-10-15T11:25:59","modified_gmt":"2025-10-15T14:25:59","slug":"inscricoes-encerradas","status":"publish","type":"page","link":"https:\/\/cndl.org.br\/forum\/inscricoes-encerradas\/","title":{"rendered":"Inscri\u00e7\u00f5es encerradas"},"content":{"rendered":"\t\t<div data-elementor-type=\"wp-page\" data-elementor-id=\"5212\" class=\"elementor elementor-5212\">\n\t\t\t\t\t\t\t\t\t<section class=\"elementor-section elementor-top-section elementor-element elementor-element-002cccc elementor-section-boxed elementor-section-height-default elementor-section-height-default\" data-id=\"002cccc\" data-element_type=\"section\">\n\t\t\t\t\t\t<div class=\"elementor-container elementor-column-gap-default\">\n\t\t\t\t\t<div class=\"elementor-column elementor-col-100 elementor-top-column elementor-element elementor-element-8ca5b07\" data-id=\"8ca5b07\" data-element_type=\"column\">\n\t\t\t<div class=\"elementor-widget-wrap elementor-element-populated\">\n\t\t\t\t\t\t\t\t<div class=\"elementor-element elementor-element-6ce3e4e elementor-widget elementor-widget-heading\" data-id=\"6ce3e4e\" data-element_type=\"widget\" data-widget_type=\"heading.default\">\n\t\t\t\t<div class=\"elementor-widget-container\">\n\t\t\t<h2 class=\"elementor-heading-title elementor-size-default\">Inscri\u00e7\u00f5es encerradas no site.\n<\/h2>\t\t<\/div>\n\t\t\t\t<\/div>\n\t\t\t\t\t<\/div>\n\t\t<\/div>\n\t\t\t\t\t\t\t<\/div>\n\t\t<\/section>\n\t\t\t\t<section class=\"elementor-section elementor-top-section elementor-element elementor-element-3c35b19 elementor-section-boxed elementor-section-height-default elementor-section-height-default\" data-id=\"3c35b19\" data-element_type=\"section\">\n\t\t\t\t\t\t<div class=\"elementor-container elementor-column-gap-default\">\n\t\t\t\t\t<div class=\"elementor-column elementor-col-100 elementor-top-column elementor-element elementor-element-ae9daff\" data-id=\"ae9daff\" data-element_type=\"column\">\n\t\t\t<div class=\"elementor-widget-wrap elementor-element-populated\">\n\t\t\t\t\t\t\t\t<div class=\"elementor-element elementor-element-8ce5cbd elementor-widget elementor-widget-text-editor\" data-id=\"8ce5cbd\" data-element_type=\"widget\" data-widget_type=\"text-editor.default\">\n\t\t\t\t<div class=\"elementor-widget-container\">\n\t\t\t\t\t\t\t<h4 style=\"text-align: center;\">Caso necessite de suporte ou informa\u00e7\u00f5es adicionais, entre em contato pelo e-mail <span style=\"color: #339966;\"><a style=\"color: #339966;\" href=\"mailto:forum@cndl.org.br\" target=\"_blank\" rel=\"noopener\">forum@cndl.org.br<\/a><\/span><\/h4>\t\t\t\t\t\t<\/div>\n\t\t\t\t<\/div>\n\t\t\t\t\t<\/div>\n\t\t<\/div>\n\t\t\t\t\t\t\t<\/div>\n\t\t<\/section>\n\t\t\t\t\t\t\t<\/div>\n\t\t","protected":false},"excerpt":{"rendered":"<p>Inscri\u00e7\u00f5es encerradas no site. Caso necessite de suporte ou informa\u00e7\u00f5es adicionais, entre em contato pelo e-mail forum@cndl.org.br<\/p>\n","protected":false},"author":1,"featured_media":0,"parent":0,"menu_order":0,"comment_status":"closed","ping_status":"closed","template":"","meta":{"_uag_custom_page_level_css":"","footnotes":""},"class_list":["post-5212","page","type-page","status-publish","hentry"],"uagb_featured_image_src":{"full":false,"thumbnail":false,"medium":false,"medium_large":false,"large":false,"1536x1536":false,"2048x2048":false,"eventalk-size1":false,"eventalk-size2":false,"eventalk-size3":false,"eventalk-size4":false,"eventalk-size5":false,"eventalk-size6":false,"eventalk-size7":false,"eventalk-size8":false,"eventalk-size9":false,"eventalk-size10":false,"woocommerce_thumbnail":false,"woocommerce_single":false,"woocommerce_gallery_thumbnail":false},"uagb_author_info":{"display_name":"onsize","author_link":"https:\/\/cndl.org.br\/forum\/author\/onsize\/"},"uagb_comment_info":0,"uagb_excerpt":"Inscri\u00e7\u00f5es encerradas no site. Caso necessite de suporte ou informa\u00e7\u00f5es adicionais, entre em contato pelo e-mail forum@cndl.org.br","_links":{"self":[{"href":"https:\/\/cndl.org.br\/forum\/wp-json\/wp\/v2\/pages\/5212"}],"collection":[{"href":"https:\/\/cndl.org.br\/forum\/wp-json\/wp\/v2\/pages"}],"about":[{"href":"https:\/\/cndl.org.br\/forum\/wp-json\/wp\/v2\/types\/page"}],"author":[{"embeddable":true,"href":"https:\/\/cndl.org.br\/forum\/wp-json\/wp\/v2\/users\/1"}],"replies":[{"embeddable":true,"href":"https:\/\/cndl.org.br\/forum\/wp-json\/wp\/v2\/comments?post=5212"}],"version-history":[{"count":13,"href":"https:\/\/cndl.org.br\/forum\/wp-json\/wp\/v2\/pages\/5212\/revisions"}],"predecessor-version":[{"id":5225,"href":"https:\/\/cndl.org.br\/forum\/wp-json\/wp\/v2\/pages\/5212\/revisions\/5225"}],"wp:attachment":[{"href":"https:\/\/cndl.org.br\/forum\/wp-json\/wp\/v2\/media?parent=5212"}],"curies":[{"name":"wp","href":"https:\/\/api.w.org\/{rel}","templated":true}]}}