{"id":1662,"date":"2018-10-26T14:57:40","date_gmt":"2018-10-26T17:57:40","guid":{"rendered":"http:\/\/genesisexpo.webgeniuslab.net\/?page_id=1662"},"modified":"2025-06-09T09:38:45","modified_gmt":"2025-06-09T12:38:45","slug":"hotel-5-estrelas","status":"publish","type":"page","link":"https:\/\/cndl.org.br\/nrf\/hotel-5-estrelas\/","title":{"rendered":"Hotel 5 Estrelas"},"content":{"rendered":"[vc_row css=&#8221;.vc_custom_1562611848055{background-position: center !important;background-repeat: no-repeat !important;background-size: cover !important;}&#8221; el_class=&#8221;box-shadow z-index-1 ohidden&#8221;][vc_column][wgl_double_headings align=&#8221;center&#8221; title_color=&#8221;#232323&#8243; subtitle_color=&#8221;#09428f&#8221; bgtitle_color=&#8221;#f3f3f3&#8243; title=&#8221;Hotel Intercontinental Times Square&#8221; subtitle=&#8221;`{`NRF 2026`}`&#8221; bgtitle=&#8221;5 estrelas&#8221; responsive_font=&#8221;true&#8221; font_size_mobile=&#8221;36&#8243; bg_responsive_font=&#8221;true&#8221; bg_font_size_mobile=&#8221;50&#8243;][wgl_spacing spacer_size=&#8221;18px&#8221;][vc_message]<strong>8X sem juros, no boleto<\/strong>. * Valor por acompanhante em apartamento Single. <strong>Incluso<\/strong>: transfer in\/out hotel, seguro viagem, evento de encerramento e assist\u00eancia da ag\u00eancia. <strong>N\u00c3O Incluso<\/strong>: inscri\u00e7\u00e3o da NRF&#8217;26 e atividades restritas.[\/vc_message][wgl_spacing spacer_size=&#8221;70&#8243;]\n<div class=\"wpcf7 no-js\" id=\"wpcf7-f2346-o1\" lang=\"pt-BR\" dir=\"ltr\">\n<div class=\"screen-reader-response\"><p role=\"status\" aria-live=\"polite\" aria-atomic=\"true\"><\/p> <ul><\/ul><\/div>\n<form action=\"\/nrf\/wp-json\/wp\/v2\/pages\/1662#wpcf7-f2346-o1\" method=\"post\" class=\"wpcf7-form init\" aria-label=\"Formul\u00e1rios de contato\" novalidate=\"novalidate\" data-status=\"init\">\n<div style=\"display: none;\">\n<input type=\"hidden\" name=\"_wpcf7\" value=\"2346\" \/>\n<input type=\"hidden\" name=\"_wpcf7_version\" value=\"5.7.5.1\" \/>\n<input type=\"hidden\" name=\"_wpcf7_locale\" value=\"pt_BR\" \/>\n<input type=\"hidden\" name=\"_wpcf7_unit_tag\" value=\"wpcf7-f2346-o1\" \/>\n<input type=\"hidden\" name=\"_wpcf7_container_post\" value=\"0\" \/>\n<input type=\"hidden\" name=\"_wpcf7_posted_data_hash\" value=\"\" \/>\n<input type=\"hidden\" name=\"_wpcf7_recaptcha_response\" value=\"\" \/>\n<\/div>\n<div class='row'>\n\t<div class='wgl_col-6'>\n\t\t<p><span class=\"wpcf7-form-control-wrap\" data-name=\"nome\"><input size=\"40\" class=\"wpcf7-form-control wpcf7-text wpcf7-validates-as-required\" aria-required=\"true\" aria-invalid=\"false\" placeholder=\"Nome *\" value=\"\" type=\"text\" name=\"nome\" \/><\/span><br \/>\n<i class=\"form-icon flaticon-user\"><\/i>\n\t\t<\/p>\n\t<\/div>\n\t<div class='wgl_col-6'>\n\t\t<p><span class=\"wpcf7-form-control-wrap\" data-name=\"email\"><input size=\"40\" class=\"wpcf7-form-control wpcf7-text wpcf7-email wpcf7-validates-as-required wpcf7-validates-as-email\" aria-required=\"true\" aria-invalid=\"false\" placeholder=\"E-mail *\" value=\"\" type=\"email\" name=\"email\" \/><\/span><br \/>\n<i class=\"form-icon flaticon-mail\"><\/i>\n\t\t<\/p>\n\t<\/div>\n\t<div class='wgl_col-6'>\n\t\t<p><span class=\"wpcf7-form-control-wrap\" data-name=\"entidade\"><input size=\"40\" class=\"wpcf7-form-control wpcf7-text wpcf7-validates-as-required\" aria-required=\"true\" aria-invalid=\"false\" placeholder=\"Entidade \/ Empresa *\" value=\"\" type=\"text\" name=\"entidade\" \/><\/span><br \/>\n<i class=\"form-icon flaticon-medal\"><\/i>\n\t\t<\/p>\n\t<\/div>\n\t<div class='wgl_col-6'>\n\t\t<p><span class=\"wpcf7-form-control-wrap\" data-name=\"telefone\"><input size=\"40\" class=\"wpcf7-form-control wpcf7-text wpcf7-tel wpcf7-validates-as-required wpcf7-validates-as-tel\" aria-required=\"true\" aria-invalid=\"false\" placeholder=\"Telefone *\" value=\"\" type=\"tel\" name=\"telefone\" \/><\/span><br \/>\n<i class=\"form-icon flaticon-phone\"><\/i>\n\t\t<\/p>\n\t<\/div>\n\t<div class='wgl_col-6'>\n\t\t<p><span style=\"margin-left: 10px;\">ESCOLHA O PACOTE *<\/span><br \/>\n<span class=\"wpcf7-form-control-wrap\" data-name=\"pacote\"><select class=\"wpcf7-form-control wpcf7-select wpcf7-validates-as-required\" aria-required=\"true\" aria-invalid=\"false\" name=\"pacote\"><option value=\"Single (por pessoa em apto individual) 8X USD 787,13\">Single (por pessoa em apto individual) 8X USD 787,13<\/option><option value=\"Single (por pessoa em apto individual) USD 6.297 \u00e0 vista\">Single (por pessoa em apto individual) USD 6.297 \u00e0 vista<\/option><option value=\"Duplo (por pessoa em apto duplo) 8X USD 645,50\">Duplo (por pessoa em apto duplo) 8X USD 645,50<\/option><option value=\"Duplo (por pessoa em apto duplo) USD 5.164 \u00e0 vista\">Duplo (por pessoa em apto duplo) USD 5.164 \u00e0 vista<\/option><option value=\"Acompanhante em apto duplo (n\u00e3o-participante) 8X USD 133,88\">Acompanhante em apto duplo (n\u00e3o-participante) 8X USD 133,88<\/option><option value=\"Acompanhante em apto duplo (n\u00e3o-participante) USD 1.071 \u00e0 vista\">Acompanhante em apto duplo (n\u00e3o-participante) USD 1.071 \u00e0 vista<\/option><\/select><\/span>\n\t\t<\/p>\n\t<\/div>\n<\/div>\n<p><strong style=\"font-size: small;\">Ao informar meus dados, eu concordo com a Pol\u00edtica de Privacidade.<\/strong>\n<\/p>\n<p><input class=\"wpcf7-form-control has-spinner wpcf7-submit\" type=\"submit\" value=\"COMPRAR\" \/>\n<\/p><div class=\"wpcf7-response-output\" aria-hidden=\"true\"><\/div>\n<\/form>\n<\/div>\n[\/vc_column][\/vc_row]\n","protected":false},"excerpt":{"rendered":"<p>[vc_row css=&#8221;.vc_custom_1562611848055{background-position: center !important;background-repeat: no-repeat !important;background-size: cover !important;}&#8221; el_class=&#8221;box-shadow z-index-1 ohidden&#8221;][vc_column][wgl_double_headings align=&#8221;center&#8221; title_color=&#8221;#232323&#8243; subtitle_color=&#8221;#09428f&#8221; bgtitle_color=&#8221;#f3f3f3&#8243; title=&#8221;Hotel Intercontinental Times Square&#8221; subtitle=&#8221;`{`NRF 2026`}`&#8221; bgtitle=&#8221;5 estrelas&#8221; responsive_font=&#8221;true&#8221; font_size_mobile=&#8221;36&#8243; bg_responsive_font=&#8221;true&#8221; bg_font_size_mobile=&#8221;50&#8243;][wgl_spacing spacer_size=&#8221;18px&#8221;][vc_message]8X sem juros, no boleto. * Valor por acompanhante em apartamento Single. Incluso: transfer in\/out hotel, seguro viagem, evento de encerramento e assist\u00eancia da ag\u00eancia. N\u00c3O Incluso: inscri\u00e7\u00e3o [&hellip;]<\/p>\n","protected":false},"author":1,"featured_media":0,"parent":0,"menu_order":0,"comment_status":"closed","ping_status":"closed","template":"","meta":[],"_links":{"self":[{"href":"https:\/\/cndl.org.br\/nrf\/wp-json\/wp\/v2\/pages\/1662"}],"collection":[{"href":"https:\/\/cndl.org.br\/nrf\/wp-json\/wp\/v2\/pages"}],"about":[{"href":"https:\/\/cndl.org.br\/nrf\/wp-json\/wp\/v2\/types\/page"}],"author":[{"embeddable":true,"href":"https:\/\/cndl.org.br\/nrf\/wp-json\/wp\/v2\/users\/1"}],"replies":[{"embeddable":true,"href":"https:\/\/cndl.org.br\/nrf\/wp-json\/wp\/v2\/comments?post=1662"}],"version-history":[{"count":33,"href":"https:\/\/cndl.org.br\/nrf\/wp-json\/wp\/v2\/pages\/1662\/revisions"}],"predecessor-version":[{"id":2481,"href":"https:\/\/cndl.org.br\/nrf\/wp-json\/wp\/v2\/pages\/1662\/revisions\/2481"}],"wp:attachment":[{"href":"https:\/\/cndl.org.br\/nrf\/wp-json\/wp\/v2\/media?parent=1662"}],"curies":[{"name":"wp","href":"https:\/\/api.w.org\/{rel}","templated":true}]}}