{"id":210,"date":"2018-10-10T13:50:50","date_gmt":"2018-10-10T13:50:50","guid":{"rendered":"http:\/\/genesisexpo.webgeniuslab.net\/?page_id=210"},"modified":"2025-12-04T17:05:31","modified_gmt":"2025-12-04T20:05:31","slug":"home-1","status":"publish","type":"page","link":"https:\/\/cndl.org.br\/nrf\/","title":{"rendered":"Home 1"},"content":{"rendered":"[vc_row el_class=&#8221;add_wave_rev_slider&#8221; add_extended=&#8221;true&#8221; values=&#8221;%5B%7B%22extended_animation%22%3A%22sphere%22%2C%22figure_color%22%3A%22%23ffffff%22%2C%22extended_animation_pos_vertical%22%3A%2250%22%2C%22extended_animation_pos_horizont%22%3A%2250%22%2C%22sphere_width%22%3A%22100%22%2C%22particles_position_top%22%3A%220%22%2C%22particles_position_left%22%3A%220%22%2C%22particles_width%22%3A%22100%22%2C%22particles_height%22%3A%22100%22%7D%5D&#8221;][vc_column offset=&#8221;vc_hidden-lg vc_hidden-md&#8221; sticky_col=&#8221;true&#8221;][vc_single_image image=&#8221;2507&#8243; img_size=&#8221;full&#8221; add_caption=&#8221;yes&#8221; alignment=&#8221;center&#8221;][wgl_spacing spacer_size=&#8221;60px&#8221;][\/vc_column][\/vc_row][vc_row css=&#8221;.vc_custom_1751057226818{margin-top: -40px !important;}&#8221; el_class=&#8221;add_wave_rev_slider&#8221; add_extended=&#8221;true&#8221; values=&#8221;%5B%7B%22extended_animation%22%3A%22sphere%22%2C%22figure_color%22%3A%22%23ffffff%22%2C%22extended_animation_pos_vertical%22%3A%2250%22%2C%22extended_animation_pos_horizont%22%3A%2250%22%2C%22sphere_width%22%3A%22100%22%2C%22particles_position_top%22%3A%220%22%2C%22particles_position_left%22%3A%220%22%2C%22particles_width%22%3A%22100%22%2C%22particles_height%22%3A%22100%22%7D%5D&#8221;][vc_column offset=&#8221;vc_hidden-sm vc_hidden-xs&#8221;][rev_slider_vc alias=&#8221;home&#8221;][\/vc_column][\/vc_row][vc_row css=&#8221;.vc_custom_1751057226818{margin-top: -40px !important;}&#8221; el_class=&#8221;add_wave_rev_slider&#8221; add_extended=&#8221;true&#8221; values=&#8221;%5B%7B%22extended_animation%22%3A%22sphere%22%2C%22figure_color%22%3A%22%23ffffff%22%2C%22extended_animation_pos_vertical%22%3A%2250%22%2C%22extended_animation_pos_horizont%22%3A%2250%22%2C%22sphere_width%22%3A%22100%22%2C%22particles_position_top%22%3A%220%22%2C%22particles_position_left%22%3A%220%22%2C%22particles_width%22%3A%22100%22%2C%22particles_height%22%3A%22100%22%7D%5D&#8221;][vc_column][wgl_spacing spacer_size=&#8221;30px&#8221;][\/vc_column][\/vc_row][vc_row equal_height=&#8221;yes&#8221; content_placement=&#8221;middle&#8221;][vc_column offset=&#8221;vc_col-md-5&#8243;][wgl_double_headings title_weight=&#8221;400&#8243; title_color=&#8221;#232323&#8243; subtitle_color=&#8221;#09428f&#8221; bgtitle_color=&#8221;#f3f3f3&#8243; title=&#8221;O Big Show do varejo&#8221; bgtitle=&#8221;Saiba&#8221; responsive_font=&#8221;true&#8221; font_size_mobile=&#8221;36&#8243; bg_responsive_font=&#8221;true&#8221; bg_font_size_mobile=&#8221;75&#8243;][wgl_spacing spacer_size=&#8221;30px&#8221;][vc_column_text]<span>O <strong>NRF Retail Big Show<\/strong> \u00e9 o maior evento de varejo mundial e ser\u00e1 realizado de 7 \u00e0 14 de janeiro 2026. <\/span><\/p>\n<p><span>Ser\u00e1 a 116\u00aa edi\u00e7\u00e3o deste evento imperd\u00edvel que destaca as principais tend\u00eancias de consumo, tecnologia, log\u00edsitica, gest\u00e3o, inova\u00e7\u00e3o e muito mais.<\/span>[\/vc_column_text][wgl_spacing spacer_size=&#8221;30px&#8221;][wgl_button button_text=&#8221;Ver mais&#8221; shadow_style=&#8221;on_hover&#8221; customize=&#8221;color&#8221; text_color=&#8221;#313131&#8243; text_color_hover=&#8221;#ffffff&#8221; bg_color=&#8221;#ffffff&#8221; bg_color_hover=&#8221;#1a5ead&#8221; border_color=&#8221;#1a5ead&#8221; border_color_hover=&#8221;#1a5ead&#8221; link=&#8221;url:https%3A%2F%2Fcndl.org.br%2Fnrf%2Fsobre%2F|||&#8221;][wgl_spacing spacer_size=&#8221;60px&#8221; screen_tablet=&#8221;768&#8243; responsive_tablet=&#8221;true&#8221; size_tablet=&#8221;35&#8243;][\/vc_column][vc_column offset=&#8221;vc_col-md-offset-1 vc_col-md-6&#8243; css=&#8221;.vc_custom_1539853054854{background-position: center !important;background-repeat: no-repeat !important;background-size: cover !important;}&#8221;][wgl_video_popup button_pos=&#8221;left&#8221; link=&#8221;https:\/\/www.youtube.com\/watch?v=tQpzKwhoBLQ&#8221; always_pulse_anim=&#8221;true&#8221; bg_image=&#8221;2490&#8243;][\/vc_column][\/vc_row][vc_row el_class=&#8221;box-shadow-1 radius-10 z-index-1&#8243; css=&#8221;.vc_custom_1539240643046{margin-top: -10px !important;margin-right: -90px !important;margin-left: -90px !important;padding-right: 75px !important;padding-left: 75px !important;background-color: #ffffff !important;}&#8221;][vc_column css=&#8221;.vc_custom_1539240782402{padding-top: 0px !important;}&#8221;][wgl_spacing spacer_size=&#8221;55px&#8221;][vc_row_inner equal_height=&#8221;yes&#8221; content_placement=&#8221;middle&#8221;][vc_column_inner css=&#8221;.vc_custom_1539852390033{border-right-width: 0px !important;padding-top: 0px !important;border-right-color: #dedede !important;border-right-style: solid !important;}&#8221; offset=&#8221;vc_col-md-3&#8243;][wgl_custom_text font_size=&#8221;36&#8243; line_height=&#8221;48&#8243; line_height_tablet=&#8221;42&#8243; line_height_mobile=&#8221;37&#8243; responsive_font_tablet=&#8221;true&#8221; font_size_tablet=&#8221;32&#8243; responsive_font_mobile=&#8221;true&#8221; font_size_mobile=&#8221;28&#8243;]\n<h3><span style=\"font-weight: 500;\" class=\"genesisexpo_font-weight\"><span style=\"color: #00a884;\">NRF 2026<\/span><br \/>\niniciar\u00e1 em&#8230;<\/span><\/h3>\n[\/wgl_custom_text][wgl_spacing spacer_size=&#8221;0&#8243; screen_tablet=&#8221;992&#8243; responsive_tablet=&#8221;true&#8221; size_tablet=&#8221;55&#8243;][\/vc_column_inner][vc_column_inner css=&#8221;.vc_custom_1539850196013{margin-top: -30px !important;padding-top: 0px !important;}&#8221; offset=&#8221;vc_col-md-9&#8243;][wgl_countdown size=&#8221;medium&#8221; number_color=&#8221;#232323&#8243; countdown_color=&#8221;#1879c9&#8243; points_color=&#8221;#b5b5b5&#8243; countdown_year=&#8221;2026&#8243; countdown_month=&#8221;01&#8243; countdown_day=&#8221;07&#8243; countdown_hours=&#8221;08&#8243; countdown_min=&#8221;00&#8243;][\/vc_column_inner][\/vc_row_inner][wgl_spacing spacer_size=&#8221;35&#8243; screen_tablet=&#8221;992&#8243; responsive_tablet=&#8221;true&#8221; size_tablet=&#8221;65&#8243;][\/vc_column][\/vc_row][vc_row full_width=&#8221;stretch_row&#8221; css=&#8221;.vc_custom_1539241721582{background-image: url(https:\/\/cndl.org.br\/nrf2020\/wp-content\/uploads\/2018\/10\/section_02.jpg?id=250) !important;background-position: center !important;background-repeat: no-repeat !important;background-size: cover !important;}&#8221;][vc_column][wgl_spacing spacer_size=&#8221;10px&#8221;][vc_row_inner][vc_column_inner width=&#8221;1\/3&#8243;][vc_single_image image=&#8221;2391&#8243; img_size=&#8221;large&#8221; alignment=&#8221;center&#8221;][\/vc_column_inner][vc_column_inner width=&#8221;2\/3&#8243;][vc_video link=&#8221;https:\/\/youtube.com\/shorts\/e0zIHRmY2GI&#8221;][wgl_double_headings align=&#8221;center&#8221; title_color=&#8221;#232323&#8243; subtitle_color=&#8221;#09428f&#8221; bgtitle_color=&#8221;#f3f3f3&#8243; title=&#8221;NRF Retail Big Show&#8221; bgtitle=&#8221;NRF 2026&#8243;][vc_column_text]<strong>E para vivenciar a NRF 2026 a CNDL oferece um pacote com muito conte\u00fado, conhecimento, experi\u00eancias, oportunidades de relacionamento com l\u00edderes e empres\u00e1rios, al\u00e9m de tempo para passear e fazer compras em Nova Iorque.<\/strong>[\/vc_column_text][\/vc_column_inner][\/vc_row_inner][wgl_spacing spacer_size=&#8221;80px&#8221;][\/vc_column][\/vc_row][vc_row full_width=&#8221;stretch_row&#8221; css=&#8221;.vc_custom_1539241721582{background-image: url(https:\/\/cndl.org.br\/nrf2020\/wp-content\/uploads\/2018\/10\/section_02.jpg?id=250) !important;background-position: center !important;background-repeat: no-repeat !important;background-size: cover !important;}&#8221;][vc_column][wgl_double_headings align=&#8221;center&#8221; title_color=&#8221;#0066bf&#8221; subtitle_color=&#8221;#09428f&#8221; bgtitle_color=&#8221;#f3f3f3&#8243; title=&#8221;Per\u00edodo&#8221; bgtitle=&#8221;Programa\u00e7\u00e3o&#8221; custom_title_color=&#8221;true&#8221;][wgl_spacing spacer_size=&#8221;0px&#8221;][vc_row_inner][vc_column_inner offset=&#8221;vc_col-lg-offset-3 vc_col-lg-6 vc_col-md-offset-2 vc_col-md-8&#8243;][vc_column_text]\n<h4 style=\"text-align: center;\"><span style=\"color: #333333;\"><strong>SA\u00cdDA: 07\/01\/2026<\/strong><\/span><br \/>\n<span style=\"color: #333333;\"><strong>RETORNO: 14\/01\/2026<\/strong><\/span><\/h4>\n[\/vc_column_text][\/vc_column_inner][\/vc_row_inner][wgl_spacing spacer_size=&#8221;10px&#8221;][\/vc_column][\/vc_row][vc_row full_width=&#8221;stretch_row&#8221; css=&#8221;.vc_custom_1539251843398{padding-top: 0px !important;background-image: url(https:\/\/cndl.org.br\/nrf2020\/wp-content\/uploads\/2018\/10\/section_06.jpg?id=310) !important;background-position: center !important;background-repeat: no-repeat !important;background-size: cover !important;}&#8221;][vc_column css=&#8221;.vc_custom_1539249238045{padding-top: 0px !important;}&#8221;][wgl_double_headings align=&#8221;center&#8221; title_color=&#8221;#0066bf&#8221; subtitle_color=&#8221;#09428f&#8221; bgtitle_color=&#8221;#ffffff&#8221; title=&#8221;Agenda&#8221; bgtitle=&#8221;Programa\u00e7\u00e3o&#8221; custom_bgtitle_color=&#8221;true&#8221; bg_responsive_font=&#8221;true&#8221; bg_font_size_mobile=&#8221;50&#8243; custom_title_color=&#8221;true&#8221;][wgl_time_line_vertical values=&#8221;%5B%7B%22title%22%3A%22EMBARQUE%20NO%20BRASIL%22%2C%22date%22%3A%2207%2F01%20(QUARTA)%22%2C%22color%22%3A%22%2309428f%22%7D%2C%7B%22title%22%3A%22CHEGADA%20EM%20NOVA%20IORQUE%22%2C%22descr%22%3A%22Transfer%20in%20e%20Check%20in%20no%20Hotel%20Intercontinental%205%22%2C%22date%22%3A%2208%2F01%20(QUINTA)%22%2C%22color%22%3A%22%2309428f%22%7D%2C%7B%22title%22%3A%22ALMO%C3%87O%20DE%20ABERTURA%22%2C%22descr%22%3A%2212h%20%C3%A0s%2014h%20-%20Gallagher&#8217;s%20Steakhouse%20228W%2052nd%20Street%20%20%7C%20%20N%C3%A3o%20haver%C3%A1%20transfer%2C%20o%20grupo%20se%20reunir%C3%A1%20diretamente%20no%20restaurante%20(visita%20t%C3%A9cnica%20logo%20ap%C3%B3s%20o%20almo%C3%A7o).%22%2C%22date%22%3A%2209%2F01%20(SEXTA)%22%2C%22color%22%3A%22%2309428f%22%7D%2C%7B%22title%22%3A%22VISITA%20T%C3%89CNICA%22%2C%22descr%22%3A%2214h30m%20%C3%A0s%2018h%22%2C%22date%22%3A%2209%2F01%20(SEXTA)%22%2C%22color%22%3A%22%2309428f%22%7D%2C%7B%22title%22%3A%22DIA%20LIVRE%22%2C%22descr%22%3A%229h%20%C3%A0s%2016h%20-%20Tour%20de%20compras%20Woodburry%22%2C%22date%22%3A%2210%2F01%20(S%C3%81BADO)%22%2C%22color%22%3A%22%2309428f%22%7D%2C%7B%22title%22%3A%22NRF%20%2F%20NOITE%20LIVRE%22%2C%22descr%22%3A%228h%20%C3%A0s%2017h%22%2C%22date%22%3A%2211%2F01%20(DOMINGO)%22%2C%22color%22%3A%22%2309428f%22%7D%2C%7B%22title%22%3A%22NRF%22%2C%22descr%22%3A%22%2008h%20%C3%A0s%2017h%22%2C%22date%22%3A%2212%2F01%20(SEGUNDA)%22%2C%22color%22%3A%22%2309428f%22%7D%2C%7B%22title%22%3A%22EVENTO%20DE%20CONFRATERNIZA%C3%87%C3%83O%22%2C%22descr%22%3A%22%2018h30%20%C3%A0s%2021h30%20-%20Haver%C3%A1%20tranfer%3A%20Sa%C3%ADda%20do%20hotel%20%C3%A0s%2018h.%20Pier%2061%20-%20Bateaux%20New%20York.%22%2C%22date%22%3A%2213%2F01%20(TER%C3%87A)%22%2C%22color%22%3A%22%2309428f%22%7D%2C%7B%22title%22%3A%22ENCERRAMENTO%22%2C%22descr%22%3A%2219h%20%C3%A0s%2021h%22%2C%22date%22%3A%2213%2F01%20(TER%C3%87A)%22%2C%22color%22%3A%22%2309428f%22%7D%2C%7B%22title%22%3A%22CHECK%20OUT%20E%20TRANSFER%20OUT%20-%20AEROPORTO%22%2C%22descr%22%3A%2211h%22%2C%22date%22%3A%2214%2F01%20(QUARTA)%22%2C%22color%22%3A%22%2309428f%22%7D%5D&#8221;][\/vc_column][\/vc_row][vc_row full_width=&#8221;stretch_row&#8221; css=&#8221;.vc_custom_1539251843398{padding-top: 0px !important;background-image: url(https:\/\/cndl.org.br\/nrf2020\/wp-content\/uploads\/2018\/10\/section_06.jpg?id=310) !important;background-position: center !important;background-repeat: no-repeat !important;background-size: cover !important;}&#8221;][vc_column css=&#8221;.vc_custom_1539249238045{padding-top: 0px !important;}&#8221;][vc_row_inner css=&#8221;.vc_custom_1564503140375{background-image: url(https:\/\/cndl.org.br\/nrf\/wp-content\/uploads\/2018\/10\/section_04.jpg?id=284) !important;background-position: center !important;background-repeat: no-repeat !important;background-size: cover !important;border-radius: 10px !important;}&#8221; el_class=&#8221;box-shadow-2&#8243;][vc_column_inner css=&#8221;.vc_custom_1539249190703{padding-top: 0px !important;}&#8221;][wgl_spacing spacer_size=&#8221;140px&#8221; responsive_mobile=&#8221;true&#8221; size_mobile=&#8221;100&#8243;][wgl_double_headings align=&#8221;center&#8221; title_size=&#8221;60px&#8221; title_line_height=&#8221;35px&#8221; title_weight=&#8221;700&#8243; title_color=&#8221;#ffffff&#8221; subtitle_color=&#8221;#09428f&#8221; bgtitle_line_height=&#8221;5px&#8221; bgtitle_color=&#8221;rgba(243,243,243,0.2)&#8221; title=&#8221;Conhe\u00e7a pessoas vision\u00e1rias&#8221; bgtitle=&#8221;V\u00eddeo&#8221; custom_title_color=&#8221;true&#8221; custom_bgtitle_color=&#8221;true&#8221; responsive_font=&#8221;true&#8221; font_size_mobile=&#8221;30&#8243; bg_responsive_font=&#8221;true&#8221; bg_font_size_mobile=&#8221;80&#8243;][wgl_spacing spacer_size=&#8221;24px&#8221;][wgl_custom_text font_size=&#8221;18&#8243;]\n<p style=\"text-align: center;\"><span style=\"color: #ffffff;\">Com mais de 38.000 varejistas, fornecedores e especialistas do setor ,<\/span><br \/>\n<span style=\"color: #ffffff;\">o NRF 2026 oferece oportunidades ilimitadas para fazer conex\u00f5es.<\/span>[\/wgl_custom_text][wgl_spacing spacer_size=&#8221;44px&#8221;][wgl_button button_text=&#8221;Site oficial NRF 2026&#8243; align=&#8221;center&#8221; link=&#8221;url:https%3A%2F%2Fnrfbigshow.nrf.com%2F||target:%20_blank|&#8221;][wgl_spacing spacer_size=&#8221;205px&#8221; screen_tablet=&#8221;992&#8243; responsive_tablet=&#8221;true&#8221; size_tablet=&#8221;140&#8243; responsive_mobile=&#8221;true&#8221; size_mobile=&#8221;100&#8243;][\/vc_column_inner][\/vc_row_inner][wgl_spacing spacer_size=&#8221;80px&#8221;][\/vc_column][\/vc_row][vc_row full_width=&#8221;stretch_row&#8221; css=&#8221;.vc_custom_1562083146061{background-image: url(https:\/\/cndl.org.br\/nrf2020\/wp-content\/uploads\/2019\/07\/section_07.jpg?id=1830) !important;background-position: center !important;background-repeat: no-repeat !important;background-size: cover !important;}&#8221;][vc_column css=&#8221;.vc_custom_1539252179279{padding-top: 0px !important;}&#8221;][wgl_double_headings title_color=&#8221;#232323&#8243; subtitle_color=&#8221;#09428f&#8221; bgtitle_color=&#8221;#f3f3f3&#8243; title=&#8221;NRF 2026&#8243; bgtitle=&#8221;Pacotes&#8221;][wgl_spacing spacer_size=&#8221;20px&#8221;][vc_row_inner][vc_column_inner width=&#8221;1\/2&#8243; offset=&#8221;vc_col-lg-3&#8243;][wgl_pricing_table icon_type=&#8221;none&#8221; button_title=&#8221;+ Informa\u00e7\u00f5es&#8221; button_customize=&#8221;color&#8221; button_text_color=&#8221;#ffffff&#8221; button_text_color_hover=&#8221;#09428f&#8221; button_bg_color=&#8221;#09428f&#8221; button_bg_color_hover=&#8221;#ffffff&#8221; button_border_color=&#8221;#09428f&#8221; button_border_color_hover=&#8221;#09428f&#8221; pricing_punch_bg_color=&#8221;#f3f3f3&#8243; pricing_price=&#8221;8 X USD 787.13 ou USD 6.297&#8243; pricing_desc=&#8221;`{`por pessoa em apto individual`}`&#8221; pricing_title=&#8221;SINGLE&#8221; link=&#8221;url:https%3A%2F%2Fcndl.org.br%2Fnrf%2Fcomprar%2F|||&#8221;]\n<ul>\n<li><span>6 noites de hospedagem<\/span><\/li>\n<li>Encerramento<\/li>\n<li>Transfer in e out<\/li>\n<li>Seguro viagem<\/li>\n<li>Assist\u00eancia da ag\u00eancia<\/li>\n<\/ul>\n[\/wgl_pricing_table][\/vc_column_inner][vc_column_inner width=&#8221;1\/2&#8243; offset=&#8221;vc_col-lg-3&#8243;][wgl_spacing spacer_size=&#8221;70px&#8221; screen_desktops=&#8221;1201&#8243; responsive_desktop=&#8221;true&#8221; size_desktops=&#8221;0&#8243;][wgl_pricing_table icon_type=&#8221;none&#8221; button_title=&#8221;+ Informa\u00e7\u00f5es&#8221; button_customize=&#8221;color&#8221; button_text_color=&#8221;#ffffff&#8221; button_text_color_hover=&#8221;#09428f&#8221; button_bg_color=&#8221;#09428f&#8221; button_bg_color_hover=&#8221;#ffffff&#8221; button_border_color=&#8221;#09428f&#8221; button_border_color_hover=&#8221;#09428f&#8221; pricing_punch_bg_color=&#8221;#f3f3f3&#8243; pricing_price=&#8221;8 X USD 645.50 ou USD 5.164&#8243; pricing_desc=&#8221;`{`por pessoa em apto duplo`}`&#8221; pricing_title=&#8221;DUPLO&#8221; link=&#8221;url:https%3A%2F%2Fcndl.org.br%2Fnrf%2Fcomprar%2F|||&#8221;]\n<ul>\n<li><span>6 noites de hospedagem<\/span><\/li>\n<li>Encerramento<\/li>\n<li>Transfer in e out<\/li>\n<li>Seguro viagem<\/li>\n<li>Assist\u00eancia da ag\u00eancia<\/li>\n<\/ul>\n[\/wgl_pricing_table][\/vc_column_inner][vc_column_inner offset=&#8221;vc_col-lg-offset-1 vc_col-lg-5&#8243;][wgl_double_headings title_color=&#8221;#232323&#8243; subtitle_color=&#8221;#09428f&#8221; bgtitle_color=&#8221;#ffffff&#8221; title=&#8221;Hotel Intercontinental Times Square \u2013 5*&#8221; bgtitle=&#8221;Comprar&#8221; custom_bgtitle_color=&#8221;true&#8221; bg_responsive_font=&#8221;true&#8221; bg_font_size_mobile=&#8221;63&#8243;][wgl_spacing spacer_size=&#8221;30px&#8221;][vc_column_text]<strong>O PACOTE INCLUI:<\/strong><\/p>\n<ul>\n<li><strong>6 noites de hospedagem<\/strong> no Hotel 5 estrelas Intercontinetal &#8211; Times Square;<\/li>\n<li><strong>Transfer in e out<\/strong> (N\u00e3o privativo);<\/li>\n<li><strong>Seguro Viagem<\/strong> cobertura de at\u00e9 $150.000;<\/li>\n<li><strong>Curadoria com consultor\/especialista<\/strong> na abertura da miss\u00e3o;<\/li>\n<li><strong>Almo\u00e7o de abertura<\/strong> (Restrito ao participante da NRF);<\/li>\n<li><strong>Visita t\u00e9cnica as lojas<\/strong> de Manhattan (Restrito ao participante da NRF);<\/li>\n<li><strong>Visita Guiada \u00e0 Exp\u043e <\/strong>(Restrito ao participante da NRF);<\/li>\n<li><strong>Inscri\u00e7\u00e3o NRF<\/strong> (Varejista);<\/li>\n<li><strong>Fone tradutor<\/strong>;<\/li>\n<li><strong>Evento de encerramento<\/strong> (Participantes e acompanhantes).<\/li>\n<\/ul>\n[\/vc_column_text][wgl_spacing spacer_size=&#8221;10&#8243; screen_desktops=&#8221;1200&#8243; responsive_desktop=&#8221;true&#8221; size_desktops=&#8221;90&#8243;][wgl_button button_text=&#8221;ADQUIRA J\u00c1 O SEU PACOTE&#8221; border_radius=&#8221;20px&#8221; align=&#8221;center&#8221; link=&#8221;url:https%3A%2F%2Fcndl.org.br%2Fnrf%2Fhotel-5-estrelas%2F|title:Hotel%205%20Estrelas||&#8221; full_width=&#8221;true&#8221;][\/vc_column_inner][\/vc_row_inner][wgl_spacing spacer_size=&#8221;30&#8243; screen_desktops=&#8221;1200&#8243; responsive_desktop=&#8221;true&#8221; size_desktops=&#8221;90&#8243;][\/vc_column][\/vc_row][vc_row full_width=&#8221;stretch_row&#8221; parallax=&#8221;content-moving&#8221; parallax_image=&#8221;823&#8243; css=&#8221;.vc_custom_1679677448005{background-image: url(https:\/\/cndl.org.br\/nrf2020\/wp-content\/uploads\/2018\/10\/bg-chairs.jpg?id=762) !important;}&#8221;][vc_column][wgl_spacing spacer_size=&#8221;40px&#8221;][vc_row_inner][vc_column_inner width=&#8221;1\/4&#8243;][wgl_counter counter_align=&#8221;center&#8221; icon_type=&#8221;none&#8221; title_color=&#8221;#ffffff&#8221; count_value_color=&#8221;#ffffff&#8221; count_title=&#8221;participantes&#8221; count_value=&#8221;38000&#8243; custom_title_color=&#8221;true&#8221; custom_count_value_color=&#8221;true&#8221;][wgl_spacing spacer_size=&#8221;30px&#8221;][\/vc_column_inner][vc_column_inner width=&#8221;1\/4&#8243;][wgl_counter counter_align=&#8221;center&#8221; icon_type=&#8221;none&#8221; title_color=&#8221;#ffffff&#8221; count_value_color=&#8221;#ffffff&#8221; count_title=&#8221;varejistas&#8221; count_value=&#8221;16000&#8243; custom_title_color=&#8221;true&#8221; custom_count_value_color=&#8221;true&#8221;][wgl_spacing spacer_size=&#8221;30px&#8221;][\/vc_column_inner][vc_column_inner width=&#8221;1\/4&#8243;][wgl_counter counter_align=&#8221;center&#8221; icon_type=&#8221;none&#8221; title_color=&#8221;#ffffff&#8221; count_value_color=&#8221;#ffffff&#8221; count_title=&#8221;expositores&#8221; count_value=&#8221;800&#8243; custom_title_color=&#8221;true&#8221; custom_count_value_color=&#8221;true&#8221;][wgl_spacing spacer_size=&#8221;30px&#8221;][\/vc_column_inner][vc_column_inner width=&#8221;1\/4&#8243;][wgl_counter counter_align=&#8221;center&#8221; icon_type=&#8221;none&#8221; title_color=&#8221;#ffffff&#8221; count_value_color=&#8221;#ffffff&#8221; count_title=&#8221;pa\u00edses&#8221; count_value=&#8221;99&#8243; custom_title_color=&#8221;true&#8221; custom_count_value_color=&#8221;true&#8221;][wgl_spacing spacer_size=&#8221;30px&#8221;][\/vc_column_inner][\/vc_row_inner][wgl_spacing spacer_size=&#8221;54px&#8221;][\/vc_column][\/vc_row][vc_row][vc_column][wgl_spacing spacer_size=&#8221;50px&#8221;][\/vc_column][\/vc_row][vc_row css=&#8221;.vc_custom_1539267354475{margin-bottom: -40px !important;}&#8221;][vc_column][wgl_double_headings title_color=&#8221;#232323&#8243; subtitle_color=&#8221;#09428f&#8221; bgtitle_color=&#8221;#f3f3f3&#8243; title=&#8221;NRF Retail Big Show&#8221; bgtitle=&#8221;Informa\u00e7\u00f5es&#8221;][wgl_spacing spacer_size=&#8221;30px&#8221;][wgl_blog_posts_standard blog_layout=&#8221;carousel&#8221; blog_columns=&#8221;4&#8243; use_navigation=&#8221;&#8221; resp_tablets=&#8221;992&#8243; resp_tablets_slides=&#8221;2&#8243; resp_mobile=&#8221;600&#8243; resp_mobile_slides=&#8221;1&#8243; heading_tag=&#8221;h5&#8243; heading_margin_bottom=&#8221;9px&#8221; number_of_posts=&#8221;3&#8243; order_by=&#8221;date&#8221; order=&#8221;ASC&#8221; hide_content=&#8221;true&#8221; custom_resp=&#8221;true&#8221; hide_postmeta=&#8221;true&#8221;][\/vc_column][\/vc_row]\n","protected":false},"excerpt":{"rendered":"<p>[vc_row el_class=&#8221;add_wave_rev_slider&#8221; add_extended=&#8221;true&#8221; values=&#8221;%5B%7B%22extended_animation%22%3A%22sphere%22%2C%22figure_color%22%3A%22%23ffffff%22%2C%22extended_animation_pos_vertical%22%3A%2250%22%2C%22extended_animation_pos_horizont%22%3A%2250%22%2C%22sphere_width%22%3A%22100%22%2C%22particles_position_top%22%3A%220%22%2C%22particles_position_left%22%3A%220%22%2C%22particles_width%22%3A%22100%22%2C%22particles_height%22%3A%22100%22%7D%5D&#8221;][vc_column offset=&#8221;vc_hidden-lg vc_hidden-md&#8221; sticky_col=&#8221;true&#8221;][vc_single_image image=&#8221;2507&#8243; img_size=&#8221;full&#8221; add_caption=&#8221;yes&#8221; alignment=&#8221;center&#8221;][wgl_spacing spacer_size=&#8221;60px&#8221;][\/vc_column][\/vc_row][vc_row css=&#8221;.vc_custom_1751057226818{margin-top: -40px !important;}&#8221; el_class=&#8221;add_wave_rev_slider&#8221; add_extended=&#8221;true&#8221; values=&#8221;%5B%7B%22extended_animation%22%3A%22sphere%22%2C%22figure_color%22%3A%22%23ffffff%22%2C%22extended_animation_pos_vertical%22%3A%2250%22%2C%22extended_animation_pos_horizont%22%3A%2250%22%2C%22sphere_width%22%3A%22100%22%2C%22particles_position_top%22%3A%220%22%2C%22particles_position_left%22%3A%220%22%2C%22particles_width%22%3A%22100%22%2C%22particles_height%22%3A%22100%22%7D%5D&#8221;][vc_column offset=&#8221;vc_hidden-sm vc_hidden-xs&#8221;][rev_slider_vc alias=&#8221;home&#8221;][\/vc_column][\/vc_row][vc_row css=&#8221;.vc_custom_1751057226818{margin-top: -40px !important;}&#8221; el_class=&#8221;add_wave_rev_slider&#8221; add_extended=&#8221;true&#8221; values=&#8221;%5B%7B%22extended_animation%22%3A%22sphere%22%2C%22figure_color%22%3A%22%23ffffff%22%2C%22extended_animation_pos_vertical%22%3A%2250%22%2C%22extended_animation_pos_horizont%22%3A%2250%22%2C%22sphere_width%22%3A%22100%22%2C%22particles_position_top%22%3A%220%22%2C%22particles_position_left%22%3A%220%22%2C%22particles_width%22%3A%22100%22%2C%22particles_height%22%3A%22100%22%7D%5D&#8221;][vc_column][wgl_spacing spacer_size=&#8221;30px&#8221;][\/vc_column][\/vc_row][vc_row equal_height=&#8221;yes&#8221; content_placement=&#8221;middle&#8221;][vc_column offset=&#8221;vc_col-md-5&#8243;][wgl_double_headings title_weight=&#8221;400&#8243; title_color=&#8221;#232323&#8243; subtitle_color=&#8221;#09428f&#8221; bgtitle_color=&#8221;#f3f3f3&#8243; title=&#8221;O Big Show do varejo&#8221; bgtitle=&#8221;Saiba&#8221; responsive_font=&#8221;true&#8221; font_size_mobile=&#8221;36&#8243; bg_responsive_font=&#8221;true&#8221; bg_font_size_mobile=&#8221;75&#8243;][wgl_spacing spacer_size=&#8221;30px&#8221;][vc_column_text]O NRF Retail Big Show \u00e9 o maior evento de [&hellip;]<\/p>\n","protected":false},"author":1,"featured_media":0,"parent":0,"menu_order":0,"comment_status":"closed","ping_status":"closed","template":"","meta":[],"_links":{"self":[{"href":"https:\/\/cndl.org.br\/nrf\/wp-json\/wp\/v2\/pages\/210"}],"collection":[{"href":"https:\/\/cndl.org.br\/nrf\/wp-json\/wp\/v2\/pages"}],"about":[{"href":"https:\/\/cndl.org.br\/nrf\/wp-json\/wp\/v2\/types\/page"}],"author":[{"embeddable":true,"href":"https:\/\/cndl.org.br\/nrf\/wp-json\/wp\/v2\/users\/1"}],"replies":[{"embeddable":true,"href":"https:\/\/cndl.org.br\/nrf\/wp-json\/wp\/v2\/comments?post=210"}],"version-history":[{"count":269,"href":"https:\/\/cndl.org.br\/nrf\/wp-json\/wp\/v2\/pages\/210\/revisions"}],"predecessor-version":[{"id":2519,"href":"https:\/\/cndl.org.br\/nrf\/wp-json\/wp\/v2\/pages\/210\/revisions\/2519"}],"wp:attachment":[{"href":"https:\/\/cndl.org.br\/nrf\/wp-json\/wp\/v2\/media?parent=210"}],"curies":[{"name":"wp","href":"https:\/\/api.w.org\/{rel}","templated":true}]}}