{"id":363,"date":"2018-10-11T14:47:17","date_gmt":"2018-10-11T14:47:17","guid":{"rendered":"http:\/\/genesisexpo.webgeniuslab.net\/?page_id=363"},"modified":"2025-06-09T09:02:09","modified_gmt":"2025-06-09T12:02:09","slug":"contatos","status":"publish","type":"page","link":"https:\/\/cndl.org.br\/nrf\/contatos\/","title":{"rendered":"Contatos"},"content":{"rendered":"[vc_row][vc_column width=&#8221;1\/2&#8243; css=&#8221;.vc_custom_1539770121368{padding-top: 0px !important;padding-right: 45px !important;}&#8221; offset=&#8221;vc_col-md-4&#8243;][wgl_info_box ib_layout=&#8221;left&#8221; icon_type=&#8221;font&#8221; icon_font_type=&#8221;type_flaticon&#8221; icon_flaticon=&#8221;flaticon-pin&#8221; icon_color=&#8221;#2f8e00&#8243; title_size=&#8221;24&#8243; title_weight=&#8221;700&#8243; ib_title=&#8221;CNDL&#8221; custom_icon_size=&#8221;30&#8243; custom_icon_color=&#8221;true&#8221; custom_icon_bg_width=&#8221;28&#8243; custom_icon_bg_height=&#8221;38&#8243; custom_icon_side_offset=&#8221;20&#8243; custom_icon_bot_offset=&#8221;0&#8243;][vc_column_text css=&#8221;.vc_custom_1730821552062{margin-left: 40px !important;}&#8221;]\n<h6><span style=\"color: #232323; font-weight: 500; font-size: 18px;\">Localiza\u00e7\u00e3o: <\/span><\/h6>\n<p>SBN Q 1 Bloco E &#8211; Asa Norte, Bras\u00edlia &#8211; DF, 70040-010[\/vc_column_text][wgl_spacing spacer_size=&#8221;12px&#8221;][vc_column_text css=&#8221;.vc_custom_1562430173918{margin-left: 40px !important;}&#8221;]\n<h6><span style=\"color: #232323; font-weight: 500; font-size: 18px;\">Contato:<\/span><\/h6>\n<p><span>(61) 3213-2000<\/span>[\/vc_column_text][wgl_spacing spacer_size=&#8221;12px&#8221;][vc_column_text css=&#8221;.vc_custom_1562430237760{margin-left: 40px !important;}&#8221;]\n<h6><span style=\"color: #232323; font-weight: 500; font-size: 18px;\">E-mail:<\/span><\/h6>\n<p>cndl@cndl.org.br[\/vc_column_text][wgl_spacing spacer_size=&#8221;30px&#8221;][\/vc_column][vc_column width=&#8221;1\/2&#8243; css=&#8221;.vc_custom_1539770132177{padding-top: 0px !important;padding-right: 45px !important;}&#8221; offset=&#8221;vc_col-md-4&#8243;][wgl_info_box ib_layout=&#8221;left&#8221; icon_type=&#8221;font&#8221; icon_font_type=&#8221;type_flaticon&#8221; icon_flaticon=&#8221;flaticon-pin&#8221; icon_color=&#8221;#f28d00&#8243; title_size=&#8221;24&#8243; title_weight=&#8221;700&#8243; ib_title=&#8221;Produz Realiza\u00e7\u00f5es&#8221; custom_icon_size=&#8221;30&#8243; custom_icon_color=&#8221;true&#8221; custom_icon_bg_width=&#8221;28&#8243; custom_icon_bg_height=&#8221;38&#8243; custom_icon_side_offset=&#8221;20&#8243; custom_icon_bot_offset=&#8221;0&#8243;][vc_column_text css=&#8221;.vc_custom_1562430444561{margin-left: 40px !important;}&#8221;]\n<h6><span style=\"color: #232323; font-weight: 500; font-size: 18px;\">Localiza\u00e7\u00e3o: <\/span><\/h6>\n<p><span>Shopping Citt\u00e1 Am\u00e9rica &#8211; Av. das Am\u00e9ricas, 700 \u2022 Bl. 8 &#8211; Loja 311 A<\/span>[\/vc_column_text][wgl_spacing spacer_size=&#8221;12px&#8221;][vc_column_text css=&#8221;.vc_custom_1562430059815{margin-left: 40px !important;}&#8221;]\n<h6><span style=\"color: #232323; font-weight: 500; font-size: 18px;\">Contato:<\/span><\/h6>\n<p><span>(21) 2429-6198<\/span>[\/vc_column_text][wgl_spacing spacer_size=&#8221;12px&#8221;][vc_column_text css=&#8221;.vc_custom_1562430092107{margin-left: 40px !important;}&#8221;]\n<h6><span style=\"color: #232323; font-weight: 500; font-size: 18px;\">E-mail:<\/span><\/h6>\n<p><span>contato@produzrealizacoes.com.br<\/span>[\/vc_column_text][wgl_spacing spacer_size=&#8221;30px&#8221;][\/vc_column][vc_column width=&#8221;1\/2&#8243; css=&#8221;.vc_custom_1539770145811{padding-top: 0px !important;padding-right: 45px !important;}&#8221; offset=&#8221;vc_col-md-offset-0 vc_col-md-4 vc_col-sm-offset-3&#8243;][wgl_info_box ib_layout=&#8221;left&#8221; icon_type=&#8221;font&#8221; icon_font_type=&#8221;type_flaticon&#8221; icon_flaticon=&#8221;flaticon-pin&#8221; icon_color=&#8221;#ff0000&#8243; title_size=&#8221;24&#8243; title_weight=&#8221;700&#8243; ib_title=&#8221;NRF 2024&#8243; custom_icon_size=&#8221;30&#8243; custom_icon_color=&#8221;true&#8221; custom_icon_bg_width=&#8221;28&#8243; custom_icon_bg_height=&#8221;38&#8243; custom_icon_side_offset=&#8221;20&#8243; custom_icon_bot_offset=&#8221;0&#8243;][vc_column_text css=&#8221;.vc_custom_1562429888298{margin-left: 40px !important;}&#8221;]\n<h6><span style=\"color: #232323; font-weight: 500; font-size: 18px;\">Location: <\/span><\/h6>\n<p><span>1101\u00a0New\u00a0York Ave NW, Washington, DC 20005\u200b<\/span>[\/vc_column_text][wgl_spacing spacer_size=&#8221;12px&#8221;][vc_column_text css=&#8221;.vc_custom_1562429992296{margin-left: 40px !important;}&#8221;]\n<h6><span style=\"color: #232323; font-weight: 500; font-size: 18px;\">Hotline:<\/span><\/h6>\n<p><span>1-800-673-4692 or +1-202-783-7971<\/span>[\/vc_column_text][wgl_spacing spacer_size=&#8221;12px&#8221;][vc_column_text css=&#8221;.vc_custom_1562429957852{margin-left: 40px !important;}&#8221;]\n<h6><span style=\"color: #232323; font-weight: 500; font-size: 18px;\">Fax:<\/span><\/h6>\n<p><span>202-737-2849<\/span>[\/vc_column_text][wgl_spacing spacer_size=&#8221;30px&#8221;][\/vc_column][\/vc_row][vc_row][vc_column][wgl_spacing spacer_size=&#8221;40px&#8221;][\/vc_column][\/vc_row]\n","protected":false},"excerpt":{"rendered":"<p>[vc_row][vc_column width=&#8221;1\/2&#8243; css=&#8221;.vc_custom_1539770121368{padding-top: 0px !important;padding-right: 45px !important;}&#8221; offset=&#8221;vc_col-md-4&#8243;][wgl_info_box ib_layout=&#8221;left&#8221; icon_type=&#8221;font&#8221; icon_font_type=&#8221;type_flaticon&#8221; icon_flaticon=&#8221;flaticon-pin&#8221; icon_color=&#8221;#2f8e00&#8243; title_size=&#8221;24&#8243; title_weight=&#8221;700&#8243; ib_title=&#8221;CNDL&#8221; custom_icon_size=&#8221;30&#8243; custom_icon_color=&#8221;true&#8221; custom_icon_bg_width=&#8221;28&#8243; custom_icon_bg_height=&#8221;38&#8243; custom_icon_side_offset=&#8221;20&#8243; custom_icon_bot_offset=&#8221;0&#8243;][vc_column_text css=&#8221;.vc_custom_1730821552062{margin-left: 40px !important;}&#8221;] Localiza\u00e7\u00e3o: SBN Q 1 Bloco E &#8211; Asa Norte, Bras\u00edlia &#8211; DF, 70040-010[\/vc_column_text][wgl_spacing spacer_size=&#8221;12px&#8221;][vc_column_text css=&#8221;.vc_custom_1562430173918{margin-left: 40px !important;}&#8221;] Contato: (61) 3213-2000[\/vc_column_text][wgl_spacing spacer_size=&#8221;12px&#8221;][vc_column_text css=&#8221;.vc_custom_1562430237760{margin-left: 40px !important;}&#8221;] E-mail: cndl@cndl.org.br[\/vc_column_text][wgl_spacing spacer_size=&#8221;30px&#8221;][\/vc_column][vc_column width=&#8221;1\/2&#8243; css=&#8221;.vc_custom_1539770132177{padding-top: 0px [&hellip;]<\/p>\n","protected":false},"author":1,"featured_media":0,"parent":0,"menu_order":0,"comment_status":"closed","ping_status":"closed","template":"","meta":[],"_links":{"self":[{"href":"https:\/\/cndl.org.br\/nrf\/wp-json\/wp\/v2\/pages\/363"}],"collection":[{"href":"https:\/\/cndl.org.br\/nrf\/wp-json\/wp\/v2\/pages"}],"about":[{"href":"https:\/\/cndl.org.br\/nrf\/wp-json\/wp\/v2\/types\/page"}],"author":[{"embeddable":true,"href":"https:\/\/cndl.org.br\/nrf\/wp-json\/wp\/v2\/users\/1"}],"replies":[{"embeddable":true,"href":"https:\/\/cndl.org.br\/nrf\/wp-json\/wp\/v2\/comments?post=363"}],"version-history":[{"count":18,"href":"https:\/\/cndl.org.br\/nrf\/wp-json\/wp\/v2\/pages\/363\/revisions"}],"predecessor-version":[{"id":2451,"href":"https:\/\/cndl.org.br\/nrf\/wp-json\/wp\/v2\/pages\/363\/revisions\/2451"}],"wp:attachment":[{"href":"https:\/\/cndl.org.br\/nrf\/wp-json\/wp\/v2\/media?parent=363"}],"curies":[{"name":"wp","href":"https:\/\/api.w.org\/{rel}","templated":true}]}}