{"id":383,"date":"2018-10-12T08:07:09","date_gmt":"2018-10-12T11:07:09","guid":{"rendered":"http:\/\/genesisexpo.webgeniuslab.net\/?page_id=383"},"modified":"2025-06-09T08:59:27","modified_gmt":"2025-06-09T11:59:27","slug":"comprar","status":"publish","type":"page","link":"https:\/\/cndl.org.br\/nrf\/comprar\/","title":{"rendered":"Comprar"},"content":{"rendered":"[vc_row][vc_column][wgl_spacing spacer_size=&#8221;30&#8243;][wgl_custom_text font_size=&#8221;36&#8243; line_height=&#8221;52&#8243;]\n<h3><span style=\"color: #4161bf;\">Hotel 5 ESTRELAS<\/span><\/h3>\n[<span>Hotel Intercontinental Times Square<\/span>][\/wgl_custom_text][wgl_spacing spacer_size=&#8221;15&#8243;][\/vc_column][\/vc_row][vc_row][vc_column width=&#8221;1\/3&#8243;][wgl_pricing_table icon_type=&#8221;none&#8221; button_title=&#8221;&#8221; button_customize=&#8221;color&#8221; button_text_color=&#8221;#232323&#8243; button_text_color_hover=&#8221;#ffffff&#8221; button_bg_color=&#8221;#ffffff&#8221; button_bg_color_hover=&#8221;#1e73be&#8221; button_border_color=&#8221;#1e73be&#8221; button_border_color_hover=&#8221;#1e73be&#8221; header_customize=&#8221;color&#8221; header_bg_color=&#8221;#1e73be&#8221; pricing_punch_bg_color=&#8221;#ffffff&#8221; price_color=&#8221;#ffffff&#8221; description_color=&#8221;#eeee22&#8243; pricing_title=&#8221;Single&#8221; pricing_price=&#8221;8 X USD 787.13 ou USD 6.297&#8243; pricing_desc=&#8221;`{`por pessoa em apto individual`}`&#8221; custom_price_color=&#8221;true&#8221; custom_description_color=&#8221;true&#8221;]\n<ul>\n<li>6 noites de hospedagem<\/li>\n<li><span>Transfer in e out<\/span><\/li>\n<li><span>Seguro viagem<\/span><\/li>\n<li><span>Abertura<\/span><\/li>\n<li><span>Encerramento<\/span><\/li>\n<li><span>Assist\u00eancia da ag\u00eancia<\/span><\/li>\n<\/ul>\n[\/wgl_pricing_table][\/vc_column][vc_column width=&#8221;1\/3&#8243;][wgl_pricing_table icon_type=&#8221;none&#8221; button_title=&#8221;&#8221; button_customize=&#8221;color&#8221; button_text_color=&#8221;#232323&#8243; button_text_color_hover=&#8221;#ffffff&#8221; button_bg_color=&#8221;#ffffff&#8221; button_bg_color_hover=&#8221;#1e73be&#8221; button_border_color=&#8221;#1e73be&#8221; button_border_color_hover=&#8221;#1e73be&#8221; header_customize=&#8221;color&#8221; header_bg_color=&#8221;#1e73be&#8221; pricing_punch_bg_color=&#8221;#ffffff&#8221; price_color=&#8221;#ffffff&#8221; description_color=&#8221;#eeee22&#8243; pricing_title=&#8221;Duplo&#8221; pricing_price=&#8221;8 X USD 645.50 ou USD 5.164&#8243; pricing_desc=&#8221;`{`por pessoa em apto duplo`}`&#8221; custom_price_color=&#8221;true&#8221; custom_description_color=&#8221;true&#8221;]\n<ul>\n<li>6 noites de hospedagem<\/li>\n<li><span>Transfer in e out<\/span><\/li>\n<li><span>Seguro viagem<\/span><\/li>\n<li><span>Abertura<\/span><\/li>\n<li><span>Encerramento<\/span><\/li>\n<li><span>Assist\u00eancia da ag\u00eancia<\/span><\/li>\n<\/ul>\n[\/wgl_pricing_table][wgl_spacing spacer_size=&#8221;40&#8243;][wgl_button button_text=&#8221;CLIQUE AQUI E ADQUIRA J\u00c1 O SEU PACOTE!&#8221; align=&#8221;center&#8221; customize=&#8221;color&#8221; text_color=&#8221;#ffffff&#8221; text_color_hover=&#8221;#0066bf&#8221; bg_color=&#8221;#0066bf&#8221; bg_color_hover=&#8221;#ffffff&#8221; border_color=&#8221;#0066bf&#8221; border_color_hover=&#8221;#0066bf&#8221; link=&#8221;url:https%3A%2F%2Fcndl.org.br%2Fnrf%2Fhotel-5-estrelas%2F|title:Hotel%205%20Estrelas||&#8221;][wgl_spacing spacer_size=&#8221;40&#8243;][\/vc_column][vc_column width=&#8221;1\/3&#8243;][wgl_pricing_table icon_type=&#8221;none&#8221; button_title=&#8221;&#8221; button_customize=&#8221;color&#8221; button_text_color=&#8221;#232323&#8243; button_text_color_hover=&#8221;#ffffff&#8221; button_bg_color=&#8221;#ffffff&#8221; button_bg_color_hover=&#8221;#1e73be&#8221; button_border_color=&#8221;#1e73be&#8221; button_border_color_hover=&#8221;#1e73be&#8221; header_customize=&#8221;color&#8221; header_bg_color=&#8221;#1e73be&#8221; pricing_punch_bg_color=&#8221;#ffffff&#8221; price_color=&#8221;#ffffff&#8221; description_color=&#8221;#eeee22&#8243; pricing_title=&#8221;Acompanhante *&#8221; pricing_price=&#8221;8 X USD 133.88 ou USD 1.071&#8243; pricing_desc=&#8221;`{`por acompanhante`}`&#8221; custom_price_color=&#8221;true&#8221; custom_description_color=&#8221;true&#8221;]\n<ul>\n<li>Sem Inscri\u00e7\u00e3o da NRF<\/li>\n<li>Sem atividades restritas<\/li>\n<li><span>Transfer in e out<\/span><\/li>\n<li><span>Seguro viagem<\/span><\/li>\n<li>Encerramento<\/li>\n<li><span>Assist\u00eancia da ag\u00eancia<\/span><\/li>\n<\/ul>\n[\/wgl_pricing_table][\/vc_column][\/vc_row][vc_row][vc_column width=&#8221;1\/2&#8243;][vc_text_separator title=&#8221;O PACOTE INCLUI&#8221; title_align=&#8221;separator_align_left&#8221;][\/vc_column][vc_column width=&#8221;1\/2&#8243;][vc_text_separator title=&#8221;ASSIST\u00caNCIA DA AG\u00caNCIA&#8221; title_align=&#8221;separator_align_left&#8221;][\/vc_column][\/vc_row][vc_row][vc_column width=&#8221;1\/2&#8243;][wgl_spacing spacer_size=&#8221;20&#8243;][wgl_custom_text font_size=&#8221;18&#8243;]\n<ul>\n<li>6 noites de hospedagem no Hotel Intercontinetal Times Square<\/li>\n<li>Transfer in e out ( N\u00e3o privativo)<\/li>\n<li>Seguro Viagem \u2013 Cobertura de at\u00e9 $150.000<\/li>\n<li>Curadoria com consultor \/ especialista na abertura da miss\u00e3o.<\/li>\n<li>Almo\u00e7o de abertura. ( Restrito ao participante da NRF)<\/li>\n<li>Visita t\u00e9cnica as lojas de Manhattan. ( Restrito ao participante da NRF)<\/li>\n<li>Visita Guiada a Expo. (Restrito ao participante da NRF)<\/li>\n<li>Inscri\u00e7\u00e3o NRF ( varejista )<\/li>\n<li>Fone tradutor<\/li>\n<li>Evento de encerramento.( Participantes e acompanhantes)<\/li>\n<\/ul>\n[\/wgl_custom_text][wgl_spacing spacer_size=&#8221;40&#8243;][\/vc_column][vc_column width=&#8221;1\/2&#8243;][wgl_spacing spacer_size=&#8221;20&#8243;][wgl_custom_text font_size=&#8221;18&#8243;]\n<ul>\n<li>Suporte nas sa\u00eddas para a feira;<\/li>\n<li>Entrega de crach\u00e1s no pr\u00f3prio hotel;<\/li>\n<li>Material preparat\u00f3rio.<\/li>\n<\/ul>\n[\/wgl_custom_text][wgl_spacing spacer_size=&#8221;40&#8243;][\/vc_column][\/vc_row][vc_row][vc_column][vc_separator][\/vc_column][\/vc_row][vc_row][vc_column][wgl_spacing spacer_size=&#8221;40&#8243;][wgl_double_headings align=&#8221;center&#8221; title_color=&#8221;#232323&#8243; subtitle_color=&#8221;#09428f&#8221; bgtitle_line_height=&#8221;0px&#8221; bgtitle_color=&#8221;#f3f3f3&#8243; title=&#8221;8X SEM JUROS (BOLETO BANC\u00c1RIO)&#8221; subtitle=&#8221;`{`CONDI\u00c7\u00c3O ESPECIAL DE LAN\u00c7AMENTO`}`&#8221; bgtitle=&#8221;Pagamento&#8221;][wgl_spacing spacer_size=&#8221;10&#8243;][wgl_custom_text font_size=&#8221;16&#8243;]\n<pre style=\"text-align: center;\">* Valor por acompanhante em apartamento Single. <strong>Incluso<\/strong>: transfer in\/out hotel, seguro viagem, evento de\r\nencerramento e assist\u00eancia da ag\u00eancia. <strong>N\u00c3O Incluso<\/strong>: inscri\u00e7\u00e3o da NRF'26 e atividades restritas.<\/pre>\n<p>&nbsp;<\/p>\n<p style=\"text-align: center;\"><strong>Documenta\u00e7\u00e3o necess\u00e1ria:\u00a0<\/strong><\/p>\n<p style=\"text-align: center;\">Passaport \/ vistos v\u00e1lidos.<\/p>\n<p style=\"text-align: center;\"><strong>Consultar voo saindo da sua cidade<\/strong><\/p>\n[\/wgl_custom_text][\/vc_column][\/vc_row][vc_row][vc_column][wgl_spacing spacer_size=&#8221;40&#8243;][\/vc_column][\/vc_row][vc_row][vc_column][wgl_spacing spacer_size=&#8221;60&#8243;][wgl_button button_text=&#8221;CLIQUE AQUI E ADQUIRA J\u00c1 O SEU PACOTE!&#8221; align=&#8221;center&#8221; customize=&#8221;color&#8221; text_color=&#8221;#ffffff&#8221; text_color_hover=&#8221;#0066bf&#8221; bg_color=&#8221;#0066bf&#8221; bg_color_hover=&#8221;#ffffff&#8221; border_color=&#8221;#0066bf&#8221; border_color_hover=&#8221;#0066bf&#8221; link=&#8221;url:https%3A%2F%2Fcndl.org.br%2Fnrf%2Fhotel-5-estrelas%2F|title:Hotel%205%20Estrelas||&#8221;][\/vc_column][\/vc_row]\n","protected":false},"excerpt":{"rendered":"<p>[vc_row][vc_column][wgl_spacing spacer_size=&#8221;30&#8243;][wgl_custom_text font_size=&#8221;36&#8243; line_height=&#8221;52&#8243;] Hotel 5 ESTRELAS [Hotel Intercontinental Times Square][\/wgl_custom_text][wgl_spacing spacer_size=&#8221;15&#8243;][\/vc_column][\/vc_row][vc_row][vc_column width=&#8221;1\/3&#8243;][wgl_pricing_table icon_type=&#8221;none&#8221; button_title=&#8221;&#8221; button_customize=&#8221;color&#8221; button_text_color=&#8221;#232323&#8243; button_text_color_hover=&#8221;#ffffff&#8221; button_bg_color=&#8221;#ffffff&#8221; button_bg_color_hover=&#8221;#1e73be&#8221; button_border_color=&#8221;#1e73be&#8221; button_border_color_hover=&#8221;#1e73be&#8221; header_customize=&#8221;color&#8221; header_bg_color=&#8221;#1e73be&#8221; pricing_punch_bg_color=&#8221;#ffffff&#8221; price_color=&#8221;#ffffff&#8221; description_color=&#8221;#eeee22&#8243; pricing_title=&#8221;Single&#8221; pricing_price=&#8221;8 X USD 787.13 ou USD 6.297&#8243; pricing_desc=&#8221;`{`por pessoa em apto individual`}`&#8221; custom_price_color=&#8221;true&#8221; custom_description_color=&#8221;true&#8221;] 6 noites de hospedagem Transfer in e out Seguro viagem Abertura Encerramento Assist\u00eancia [&hellip;]<\/p>\n","protected":false},"author":1,"featured_media":0,"parent":0,"menu_order":0,"comment_status":"closed","ping_status":"closed","template":"","meta":[],"_links":{"self":[{"href":"https:\/\/cndl.org.br\/nrf\/wp-json\/wp\/v2\/pages\/383"}],"collection":[{"href":"https:\/\/cndl.org.br\/nrf\/wp-json\/wp\/v2\/pages"}],"about":[{"href":"https:\/\/cndl.org.br\/nrf\/wp-json\/wp\/v2\/types\/page"}],"author":[{"embeddable":true,"href":"https:\/\/cndl.org.br\/nrf\/wp-json\/wp\/v2\/users\/1"}],"replies":[{"embeddable":true,"href":"https:\/\/cndl.org.br\/nrf\/wp-json\/wp\/v2\/comments?post=383"}],"version-history":[{"count":157,"href":"https:\/\/cndl.org.br\/nrf\/wp-json\/wp\/v2\/pages\/383\/revisions"}],"predecessor-version":[{"id":2473,"href":"https:\/\/cndl.org.br\/nrf\/wp-json\/wp\/v2\/pages\/383\/revisions\/2473"}],"wp:attachment":[{"href":"https:\/\/cndl.org.br\/nrf\/wp-json\/wp\/v2\/media?parent=383"}],"curies":[{"name":"wp","href":"https:\/\/api.w.org\/{rel}","templated":true}]}}