{"id":764,"date":"2018-10-15T14:15:12","date_gmt":"2018-10-15T14:15:12","guid":{"rendered":"http:\/\/genesisexpo.webgeniuslab.net\/?page_id=764"},"modified":"2025-06-09T08:41:21","modified_gmt":"2025-06-09T11:41:21","slug":"sobre","status":"publish","type":"page","link":"https:\/\/cndl.org.br\/nrf\/sobre\/","title":{"rendered":"Sobre"},"content":{"rendered":"[vc_row][vc_column offset=&#8221;vc_col-md-6&#8243;][wgl_image_layers values=&#8221;%5B%7B%22thumbnail%22%3A%221772%22%2C%22image_animation%22%3A%22slide_down%22%2C%22image_order%22%3A%221%22%7D%5D&#8221;][\/vc_column][vc_column offset=&#8221;vc_col-lg-offset-1 vc_col-lg-5 vc_col-md-6&#8243;][wgl_double_headings title_weight=&#8221;400&#8243; title_color=&#8221;#232323&#8243; subtitle_color=&#8221;#09428f&#8221; bgtitle_color=&#8221;#f3f3f3&#8243; title=&#8221;NRF Retail Big Show&#8221; bg_responsive_font=&#8221;true&#8221; bg_font_size_mobile=&#8221;100&#8243; responsive_font=&#8221;true&#8221; font_size_mobile=&#8221;30&#8243;][wgl_spacing spacer_size=&#8221;19&#8243;][vc_column_text]<span>O NRF Retail Big Show \u00e9 o maior evento de varejo mundial e ser\u00e1 realizado de 7 \u00e0 14 de janeiro 2026. Ser\u00e1 a 116\u00aa edi\u00e7\u00e3o deste evento imperd\u00edvel que destaca as principais tend\u00eancias de consumo, tecnologia, log\u00edsitica, gest\u00e3o, inova\u00e7\u00e3o e muito mais.<\/span><\/p>\n<p><strong>E para vivenciar a NRF 2026 a CNDL oferece um pacote com muito conte\u00fado, conhecimento, experi\u00eancias, oportunidades de relacionamento com l\u00edderes e empres\u00e1rios, al\u00e9m de tempo para passear e fazer compras em Nova Iorque.<\/strong>[\/vc_column_text][wgl_spacing spacer_size=&#8221;41&#8243;][\/vc_column][\/vc_row][vc_row][vc_column][wgl_spacing spacer_size=&#8221;98&#8243;][\/vc_column][\/vc_row][vc_row full_width=&#8221;stretch_row&#8221; css=&#8221;.vc_custom_1564503296848{background-image: url(https:\/\/cndl.org.br\/nrf\/wp-content\/uploads\/2018\/10\/bg-speaker.jpg?id=812) !important;background-position: center !important;background-repeat: no-repeat !important;background-size: cover !important;}&#8221;][vc_column][wgl_spacing spacer_size=&#8221;153&#8243; screen_tablet=&#8221;992&#8243; responsive_tablet=&#8221;true&#8221; size_tablet=&#8221;120&#8243; responsive_mobile=&#8221;true&#8221; size_mobile=&#8221;100&#8243;][wgl_double_headings align=&#8221;center&#8221; title_size=&#8221;60&#8243; title_line_height=&#8221;35&#8243; title_color=&#8221;#ffffff&#8221; subtitle_color=&#8221;#09428f&#8221; bgtitle_line_height=&#8221;5&#8243; bgtitle_color=&#8221;rgba(243,243,243,0.3)&#8221; title=&#8221;Obtenha seu ingresso agora&#8221; bgtitle=&#8221;COMPRAR&#8221; custom_title_color=&#8221;true&#8221; custom_bgtitle_color=&#8221;true&#8221; responsive_font=&#8221;true&#8221; bg_responsive_font=&#8221;true&#8221; font_size_mobile=&#8221;23&#8243; bg_font_size_mobile=&#8221;72&#8243;][wgl_spacing spacer_size=&#8221;25&#8243;][vc_column_text]\n<p style=\"text-align: center;\"><span style=\"color: #ffffff;\">Aproxime-se do novo ano com uma nova perspectiva. A vis\u00e3o de 2026 come\u00e7a com NRF 2026.<\/span><\/p>\n[\/vc_column_text][wgl_spacing spacer_size=&#8221;41&#8243;][wgl_button button_text=&#8221;COMPRAR&#8221; size=&#8221;l&#8221; align=&#8221;center&#8221; customize=&#8221;color&#8221; text_color=&#8221;#ffffff&#8221; text_color_hover=&#8221;#ffffff&#8221; bg_color=&#8221;#0762bc&#8221; bg_color_hover=&#8221;&#8221; border_color=&#8221;#0762bc&#8221; border_color_hover=&#8221;#0762bc&#8221; link=&#8221;url:https%3A%2F%2Fcndl.org.br%2Fnrf%2Fcomprar%2F|||&#8221;][wgl_spacing spacer_size=&#8221;163&#8243; screen_tablet=&#8221;992&#8243; responsive_tablet=&#8221;true&#8221; size_tablet=&#8221;120&#8243;][\/vc_column][\/vc_row][vc_row full_width=&#8221;stretch_row&#8221; css=&#8221;.vc_custom_1539683117309{background-color: #f3f3f3 !important;}&#8221;][vc_column][wgl_spacing spacer_size=&#8221;61&#8243; screen_desktops=&#8221;992&#8243; responsive_desktop=&#8221;true&#8221; size_desktops=&#8221;50&#8243;][wgl_double_headings align=&#8221;center&#8221; title_color=&#8221;#232323&#8243; subtitle_color=&#8221;#09428f&#8221; bgtitle_color=&#8221;#ffffff&#8221; title=&#8221;Grande show. Grande vis\u00e3o.&#8221; bgtitle=&#8221;NRF 2026&#8243; custom_bgtitle_color=&#8221;true&#8221; bg_responsive_font=&#8221;true&#8221; bg_font_size_tablet=&#8221;102&#8243; bg_font_size_mobile=&#8221;53&#8243;][\/vc_column][\/vc_row][vc_row full_width=&#8221;stretch_row&#8221; css=&#8221;.vc_custom_1539683111128{background-color: #f3f3f3 !important;}&#8221;][vc_column width=&#8221;2\/3&#8243; offset=&#8221;vc_col-md-offset-3 vc_col-md-6 vc_col-sm-offset-2 vc_col-xs-12&#8243;][vc_column_text]\n<p style=\"text-align: center;\"><span>NRF 2026: o grande show do varejo. <\/span><span>\u00c9 o \u00fanico lugar onde todos n\u00f3s nos reunimos para ver al\u00e9m do que \u00e9, para revelar o que poderia ser.\u00a0<\/span><\/p>\n[\/vc_column_text][\/vc_column][\/vc_row][vc_row full_width=&#8221;stretch_row&#8221; css=&#8221;.vc_custom_1539675382068{background-color: #f3f3f3 !important;}&#8221;][vc_column][vc_row_inner][vc_column_inner width=&#8221;1\/2&#8243; offset=&#8221;vc_col-lg-4&#8243;][wgl_flip_box front_bg_style=&#8221;front_image&#8221; front_bg_image=&#8221;1908&#8243; front_title=&#8221;Feira&#8221; back_logo_image=&#8221;418&#8243; back_descr=&#8221;\u00c9 onde o talento vision\u00e1rio encontra a tecnologia vision\u00e1ria. Onde os grandes varejistas compartilham id\u00e9ias&#8221;][wgl_spacing spacer_size=&#8221;30px&#8221;][\/vc_column_inner][vc_column_inner width=&#8221;1\/2&#8243; offset=&#8221;vc_col-lg-4&#8243;][wgl_flip_box fb_dir=&#8221;flip_bottom&#8221; front_bg_style=&#8221;front_image&#8221; front_bg_image=&#8221;1856&#8243; front_title=&#8221;Workshops&#8221; back_logo_image=&#8221;419&#8243; back_descr=&#8221;\u00c9 o \u00fanico lugar onde todos n\u00f3s nos reunimos para ver al\u00e9m do que \u00e9, para revelar o que poderia ser.&#8221;][wgl_spacing spacer_size=&#8221;30px&#8221;][\/vc_column_inner][vc_column_inner width=&#8221;1\/2&#8243; offset=&#8221;vc_col-lg-offset-0 vc_col-lg-4 vc_col-sm-offset-3&#8243;][wgl_flip_box fb_dir=&#8221;flip_left&#8221; front_bg_style=&#8221;front_image&#8221; front_bg_image=&#8221;1847&#8243; front_title=&#8221;Experi\u00eancia&#8221; back_logo_image=&#8221;412&#8243; back_descr=&#8221;Uma maneira de trabalhar que n\u00e3o apenas prev\u00ea o futuro, mas o cria &#8211; um dia de cada vez.&#8221;][wgl_spacing spacer_size=&#8221;30px&#8221;][\/vc_column_inner][\/vc_row_inner][wgl_spacing spacer_size=&#8221;85&#8243;][\/vc_column][\/vc_row][vc_row][vc_column][wgl_spacing spacer_size=&#8221;30px&#8221;][\/vc_column][\/vc_row][vc_row][vc_column width=&#8221;1\/4&#8243; col_pos_vertical=&#8221;75&#8243; col_pos_horizont=&#8221;70&#8243; css=&#8221;.vc_custom_1539931298047{background-image: url(https:\/\/cndl.org.br\/nrf2020\/wp-content\/uploads\/2018\/10\/wave_1.png?id=1008) !important;background-position: 0 0 !important;background-repeat: no-repeat !important;}&#8221;][wgl_counter counter_align=&#8221;center&#8221; icon_type=&#8221;none&#8221; count_title=&#8221;Participantes&#8221; count_value=&#8221;38000&#8243;][wgl_spacing spacer_size=&#8221;35&#8243;][\/vc_column][vc_column width=&#8221;1\/4&#8243; col_pos_vertical=&#8221;47&#8243; col_pos_horizont=&#8221;45&#8243; css=&#8221;.vc_custom_1539931372158{background-image: url(https:\/\/cndl.org.br\/nrf2020\/wp-content\/uploads\/2018\/10\/wave_2.png?id=1010) !important;background-position: 0 0 !important;background-repeat: no-repeat !important;}&#8221;][wgl_counter counter_align=&#8221;center&#8221; icon_type=&#8221;none&#8221; count_title=&#8221;Varejistas&#8221; count_value=&#8221;16000&#8243;][wgl_spacing spacer_size=&#8221;35&#8243;][\/vc_column][vc_column width=&#8221;1\/4&#8243; col_pos_vertical=&#8221;55&#8243; col_pos_horizont=&#8221;55&#8243; css=&#8221;.vc_custom_1539931554219{background-image: url(https:\/\/cndl.org.br\/nrf2020\/wp-content\/uploads\/2018\/10\/wave_3-1.png?id=1023) !important;background-position: 0 0 !important;background-repeat: no-repeat !important;}&#8221;][wgl_counter counter_align=&#8221;center&#8221; icon_type=&#8221;none&#8221; count_title=&#8221;Expositores&#8221; count_value=&#8221;800&#8243;][wgl_spacing spacer_size=&#8221;35&#8243;][\/vc_column][vc_column width=&#8221;1\/4&#8243; col_pos_vertical=&#8221;50&#8243; col_pos_horizont=&#8221;35&#8243; css=&#8221;.vc_custom_1539931601705{background-image: url(https:\/\/cndl.org.br\/nrf2020\/wp-content\/uploads\/2018\/10\/wave_4.png?id=1012) !important;background-position: 0 0 !important;background-repeat: no-repeat !important;}&#8221;][wgl_counter counter_align=&#8221;center&#8221; icon_type=&#8221;none&#8221; count_title=&#8221;Pa\u00edses&#8221; count_value=&#8221;99&#8243;][wgl_spacing spacer_size=&#8221;35&#8243;][\/vc_column][\/vc_row]\n","protected":false},"excerpt":{"rendered":"<p>[vc_row][vc_column offset=&#8221;vc_col-md-6&#8243;][wgl_image_layers values=&#8221;%5B%7B%22thumbnail%22%3A%221772%22%2C%22image_animation%22%3A%22slide_down%22%2C%22image_order%22%3A%221%22%7D%5D&#8221;][\/vc_column][vc_column offset=&#8221;vc_col-lg-offset-1 vc_col-lg-5 vc_col-md-6&#8243;][wgl_double_headings title_weight=&#8221;400&#8243; title_color=&#8221;#232323&#8243; subtitle_color=&#8221;#09428f&#8221; bgtitle_color=&#8221;#f3f3f3&#8243; title=&#8221;NRF Retail Big Show&#8221; bg_responsive_font=&#8221;true&#8221; bg_font_size_mobile=&#8221;100&#8243; responsive_font=&#8221;true&#8221; font_size_mobile=&#8221;30&#8243;][wgl_spacing spacer_size=&#8221;19&#8243;][vc_column_text]O NRF Retail Big Show \u00e9 o maior evento de varejo mundial e ser\u00e1 realizado de 7 \u00e0 14 de janeiro 2026. Ser\u00e1 a 116\u00aa edi\u00e7\u00e3o deste evento imperd\u00edvel que destaca as principais tend\u00eancias de consumo, tecnologia, [&hellip;]<\/p>\n","protected":false},"author":1,"featured_media":0,"parent":0,"menu_order":0,"comment_status":"closed","ping_status":"closed","template":"","meta":[],"_links":{"self":[{"href":"https:\/\/cndl.org.br\/nrf\/wp-json\/wp\/v2\/pages\/764"}],"collection":[{"href":"https:\/\/cndl.org.br\/nrf\/wp-json\/wp\/v2\/pages"}],"about":[{"href":"https:\/\/cndl.org.br\/nrf\/wp-json\/wp\/v2\/types\/page"}],"author":[{"embeddable":true,"href":"https:\/\/cndl.org.br\/nrf\/wp-json\/wp\/v2\/users\/1"}],"replies":[{"embeddable":true,"href":"https:\/\/cndl.org.br\/nrf\/wp-json\/wp\/v2\/comments?post=764"}],"version-history":[{"count":46,"href":"https:\/\/cndl.org.br\/nrf\/wp-json\/wp\/v2\/pages\/764\/revisions"}],"predecessor-version":[{"id":2465,"href":"https:\/\/cndl.org.br\/nrf\/wp-json\/wp\/v2\/pages\/764\/revisions\/2465"}],"wp:attachment":[{"href":"https:\/\/cndl.org.br\/nrf\/wp-json\/wp\/v2\/media?parent=764"}],"curies":[{"name":"wp","href":"https:\/\/api.w.org\/{rel}","templated":true}]}}