{"id":24696,"date":"2024-02-06T19:07:39","date_gmt":"2024-02-06T22:07:39","guid":{"rendered":"https:\/\/cndl.org.br\/varejosa\/?page_id=24696"},"modified":"2025-08-20T09:28:41","modified_gmt":"2025-08-20T12:28:41","slug":"expediente","status":"publish","type":"page","link":"https:\/\/cndl.org.br\/varejosa\/expediente\/","title":{"rendered":"Expediente Varejo S.A."},"content":{"rendered":"<p>[vc_row][vc_column width=&#8221;1\/4&#8243;][vc_single_image image=&#8221;29573&#8243; img_size=&#8221;full&#8221; alignment=&#8221;center&#8221; style=&#8221;vc_box_circle_2&#8243; onclick=&#8221;custom_link&#8221; link=&#8221;https:\/\/cndl.org.br\/varejosa\/author\/daniel-keniti-sakamoto\/&#8221;][vc_empty_space height=&#8221;42px&#8221;]    <span class=\"mkdf-icon-shortcode mkdf-normal   mkdf-icon-small\" style=\"margin: 0px 10px 0px 100px\" >\n                    <a itemprop=\"url\" class=\"\" href=\"https:\/\/www.linkedin.com\/in\/daniel-keniti-sakamoto\" target=\"_blank\">\n                    <i class=\"mkdf-icon-font-awesome fa fa-linkedin mkdf-icon-element\" style=\"\" ><\/i>                    <\/a>\n            <\/span>\n[\/vc_column][vc_column width=&#8221;1\/4&#8243;][vc_column_text]<\/p>\n<h2><a href=\"https:\/\/cndl.org.br\/varejosa\/author\/daniel-keniti-sakamoto\/\">Daniel Sakamoto<\/a><\/h2>\n<p>[\/vc_column_text][vc_column_text]<em><strong>Gerente executivo<\/strong><\/em>[\/vc_column_text][vc_column_text]Internacionalista, jurista e mestre em Pol\u00edticas P\u00fablicas. Est\u00e1 na CNDL desde 2015 e atualmente \u00e9 gerente executivo da entidade, cujas fun\u00e7\u00f5es incluem a elabora\u00e7\u00e3o, produ\u00e7\u00e3o e lideran\u00e7a de relevantes projetos de pol\u00edticas p\u00fablicas setoriais e eventos corporativos de grande porte. Tamb\u00e9m atua como porta-voz, analista de dados\/pesquisas e host do Varejo S.A. Podcast.[\/vc_column_text][\/vc_column][vc_column width=&#8221;1\/4&#8243;][vc_single_image image=&#8221;29564&#8243; img_size=&#8221;full&#8221; alignment=&#8221;center&#8221; style=&#8221;vc_box_circle_2&#8243; onclick=&#8221;custom_link&#8221; link=&#8221;https:\/\/cndl.org.br\/varejosa\/author\/alex-akira-nomura-cavalcante-peixoto\/&#8221;][vc_empty_space height=&#8221;42px&#8221;]    <span class=\"mkdf-icon-shortcode mkdf-normal   mkdf-icon-small\" style=\"margin: 0px 10px 0px 120px\" >\n                    <a itemprop=\"url\" class=\"\" href=\"https:\/\/www.linkedin.com\/in\/alex-akira\" target=\"_blank\">\n                    <i class=\"mkdf-icon-font-awesome fa fa-linkedin mkdf-icon-element\" style=\"\" ><\/i>                    <\/a>\n            <\/span>\n[\/vc_column][vc_column width=&#8221;1\/4&#8243;][vc_column_text]<\/p>\n<h2><a href=\"https:\/\/cndl.org.br\/varejosa\/author\/alex-akira-nomura-cavalcante-peixoto\/\">Alex Akira<\/a><\/h2>\n<p>[\/vc_column_text][vc_column_text]<em><strong>Editor do portal Varejo S.A.<br \/>\ne do Varejo S.A. Podcast<\/strong><\/em>[\/vc_column_text][vc_column_text]Jornalista com vis\u00e3o 360\u00ba em jornalismo digital e experi\u00eancia na \u00e1rea de branding. Desde 2024, \u00e9 editor do portal e do podcast Varejo S.A., da CNDL. Foi rep\u00f3rter no portal Metr\u00f3poles por quase meia d\u00e9cada e atuou em empresas nas \u00e1reas de marketing, m\u00eddias sociais e assessoria de imprensa. Possui p\u00f3s-gradua\u00e7\u00e3o em Jornalismo Digital e em Marketing, Branding e Experi\u00eancia Digital.[\/vc_column_text][\/vc_column][\/vc_row][vc_row][vc_column][vc_empty_space height=&#8221;60px&#8221;][vc_separator color=&#8221;orange&#8221;][vc_empty_space height=&#8221;60px&#8221;][\/vc_column][\/vc_row][vc_row][vc_column width=&#8221;1\/4&#8243;][vc_single_image image=&#8221;29572&#8243; img_size=&#8221;full&#8221; alignment=&#8221;center&#8221; style=&#8221;vc_box_circle_2&#8243; onclick=&#8221;custom_link&#8221; link=&#8221;https:\/\/cndl.org.br\/varejosa\/author\/wendel\/&#8221;][vc_empty_space height=&#8221;42px&#8221;]    <span class=\"mkdf-icon-shortcode mkdf-normal   mkdf-icon-small\" style=\"margin: 0px 10px 0px 100px\" >\n                    <a itemprop=\"url\" class=\"\" href=\"https:\/\/www.linkedin.com\/in\/wendel-nunes-br\" target=\"_blank\">\n                    <i class=\"mkdf-icon-font-awesome fa fa-linkedin mkdf-icon-element\" style=\"\" ><\/i>                    <\/a>\n            <\/span>\n[\/vc_column][vc_column width=&#8221;1\/4&#8243;][vc_column_text]<\/p>\n<h2><a href=\"https:\/\/cndl.org.br\/varejosa\/author\/wendel\/\">Wendel Alves<\/a><\/h2>\n<p>[\/vc_column_text][vc_column_text]<em><strong>Head de tecnologia da informa\u00e7\u00e3o<br \/>\n<\/strong><\/em>[\/vc_column_text][vc_column_text]Profissional de tecnologia com ampla experi\u00eancia em gest\u00e3o de ambientes tecnol\u00f3gicos, seguran\u00e7a da informa\u00e7\u00e3o e servi\u00e7os em nuvem. Est\u00e1 na CNDL desde 2015, onde lidera o planejamento e a gest\u00e3o de dados, solu\u00e7\u00f5es e suporte tecnol\u00f3gico para as entidades do Sistema CNDL. Atua tamb\u00e9m no gerenciamento de rede, controles internos e como DPO da entidade.[\/vc_column_text][\/vc_column][vc_column width=&#8221;1\/4&#8243;][vc_single_image image=&#8221;29570&#8243; img_size=&#8221;full&#8221; alignment=&#8221;center&#8221; style=&#8221;vc_box_circle_2&#8243; onclick=&#8221;custom_link&#8221; link=&#8221;https:\/\/cndl.org.br\/varejosa\/author\/merula-borges\/&#8221;][vc_empty_space height=&#8221;42px&#8221;]    <span class=\"mkdf-icon-shortcode mkdf-normal   mkdf-icon-small\" style=\"margin: 0px 10px 0px 120px\" >\n                    <a itemprop=\"url\" class=\"\" href=\"https:\/\/www.linkedin.com\/in\/merula-borges-ba045316a\" target=\"_blank\">\n                    <i class=\"mkdf-icon-font-awesome fa fa-linkedin mkdf-icon-element\" style=\"\" ><\/i>                    <\/a>\n            <\/span>\n[\/vc_column][vc_column width=&#8221;1\/4&#8243;][vc_column_text]<\/p>\n<h2><a href=\"https:\/\/cndl.org.br\/varejosa\/author\/merula-borges\/\">Merula Borges<\/a><\/h2>\n<p>[\/vc_column_text][vc_column_text]<em><strong>Especialista em finan\u00e7as e<br \/>\ncoordenadora financeira<\/strong><\/em>[\/vc_column_text][vc_column_text]Profissional com MBA em Investimento e Risco e em Gest\u00e3o de Neg\u00f3cios. Est\u00e1 na CNDL desde 2015, onde coordena as \u00e1reas financeira e administrativa. Tamb\u00e9m atua como porta-voz da entidade e analista de dados e pesquisas, contribuindo para a tomada de decis\u00f5es estrat\u00e9gicas.[\/vc_column_text][\/vc_column][\/vc_row][vc_row][vc_column][vc_empty_space height=&#8221;60px&#8221;][vc_separator color=&#8221;orange&#8221;][vc_empty_space height=&#8221;60px&#8221;][\/vc_column][\/vc_row][vc_row][vc_column width=&#8221;1\/4&#8243;][vc_single_image image=&#8221;29577&#8243; img_size=&#8221;full&#8221; alignment=&#8221;center&#8221; style=&#8221;vc_box_circle_2&#8243; onclick=&#8221;custom_link&#8221; link=&#8221;https:\/\/cndl.org.br\/varejosa\/author\/marina-barbosa\/&#8221;][vc_empty_space height=&#8221;42px&#8221;]    <span class=\"mkdf-icon-shortcode mkdf-normal   mkdf-icon-small\" style=\"margin: 0px 10px 0px 100px\" >\n                    <a itemprop=\"url\" class=\"\" href=\"https:\/\/www.linkedin.com\/in\/marina-barbosa-jornalista\" target=\"_blank\">\n                    <i class=\"mkdf-icon-font-awesome fa fa-linkedin mkdf-icon-element\" style=\"\" ><\/i>                    <\/a>\n            <\/span>\n[\/vc_column][vc_column width=&#8221;1\/4&#8243;][vc_column_text]<\/p>\n<h2><a href=\"https:\/\/cndl.org.br\/varejosa\/author\/marina-barbosa\/\">Marina Barbosa<\/a><\/h2>\n<p>[\/vc_column_text][vc_column_text]<em><strong>Assessora de imprensa<\/strong><\/em>[\/vc_column_text][vc_column_text]Jornalista com especializa\u00e7\u00e3o em Produ\u00e7\u00e3o e Revis\u00e3o de Textos. Est\u00e1 na CNDL desde 2019 e atua como assessora de imprensa da entidade. Al\u00e9m das atividades relacionadas ao cargo, realiza relacionamento com institui\u00e7\u00f5es p\u00fablicas e privadas e produ\u00e7\u00e3o de conte\u00fados institucionais. Possui experi\u00eancia na elabora\u00e7\u00e3o de reda\u00e7\u00e3o de discursos e textos oficiais, gest\u00e3o de canais de comunica\u00e7\u00e3o e organiza\u00e7\u00e3o de eventos e campanhas.[\/vc_column_text][\/vc_column][vc_column width=&#8221;1\/4&#8243;][vc_single_image image=&#8221;29571&#8243; img_size=&#8221;full&#8221; alignment=&#8221;center&#8221; style=&#8221;vc_box_circle_2&#8243; onclick=&#8221;custom_link&#8221;][vc_empty_space height=&#8221;42px&#8221;]    <span class=\"mkdf-icon-shortcode mkdf-normal   mkdf-icon-small\" style=\"margin: 0px 10px 0px 120px\" >\n                    <a itemprop=\"url\" class=\"\" href=\"https:\/\/www.linkedin.com\/in\/karoline-lima-330415b2\" target=\"_blank\">\n                    <i class=\"mkdf-icon-font-awesome fa fa-linkedin mkdf-icon-element\" style=\"\" ><\/i>                    <\/a>\n            <\/span>\n[\/vc_column][vc_column width=&#8221;1\/4&#8243;][vc_column_text]<\/p>\n<h2>Karoline Lima<\/h2>\n<p>[\/vc_column_text][vc_column_text]<em><strong>Coordenadora de Rela\u00e7\u00f5es Institucionais e Governamentais<br \/>\n<\/strong><\/em>[\/vc_column_text][vc_column_text]Advogada, especialista em Gest\u00e3o e Rela\u00e7\u00f5es Governamentais e mestre em Economia e Pol\u00edticas P\u00fablicas. Est\u00e1 no Sistema CNDL desde 2017 e possui mais de 10 anos de experi\u00eancia em rela\u00e7\u00f5es institucionais e governamentais, com atua\u00e7\u00e3o no terceiro setor, setor p\u00fablico e setor privado. Representa a entidade em mat\u00e9rias legislativas e no di\u00e1logo com os Poderes Executivo e Legislativo.[\/vc_column_text][\/vc_column][\/vc_row][vc_row][vc_column][vc_empty_space height=&#8221;60px&#8221;][\/vc_column][\/vc_row]<\/p>\n","protected":false},"excerpt":{"rendered":"<p>[vc_row][vc_column width=&#8221;1\/4&#8243;][vc_single_image image=&#8221;29573&#8243; img_size=&#8221;full&#8221; alignment=&#8221;center&#8221; style=&#8221;vc_box_circle_2&#8243; onclick=&#8221;custom_link&#8221; link=&#8221;https:\/\/cndl.org.br\/varejosa\/author\/daniel-keniti-sakamoto\/&#8221;][vc_empty_space height=&#8221;42px&#8221;][\/vc_column][vc_column width=&#8221;1\/4&#8243;][vc_column_text] Daniel Sakamoto [\/vc_column_text][vc_column_text]Gerente executivo[\/vc_column_text][vc_column_text]Internacionalista, jurista e mestre em Pol\u00edticas P\u00fablicas. Est\u00e1 na CNDL desde 2015 [&hellip;]<\/p>\n","protected":false},"author":1,"featured_media":0,"parent":0,"menu_order":0,"comment_status":"closed","ping_status":"closed","template":"","meta":{"footnotes":""},"class_list":["post-24696","page","type-page","status-publish","hentry"],"_links":{"self":[{"href":"https:\/\/cndl.org.br\/varejosa\/wp-json\/wp\/v2\/pages\/24696","targetHints":{"allow":["GET"]}}],"collection":[{"href":"https:\/\/cndl.org.br\/varejosa\/wp-json\/wp\/v2\/pages"}],"about":[{"href":"https:\/\/cndl.org.br\/varejosa\/wp-json\/wp\/v2\/types\/page"}],"author":[{"embeddable":true,"href":"https:\/\/cndl.org.br\/varejosa\/wp-json\/wp\/v2\/users\/1"}],"replies":[{"embeddable":true,"href":"https:\/\/cndl.org.br\/varejosa\/wp-json\/wp\/v2\/comments?post=24696"}],"version-history":[{"count":0,"href":"https:\/\/cndl.org.br\/varejosa\/wp-json\/wp\/v2\/pages\/24696\/revisions"}],"wp:attachment":[{"href":"https:\/\/cndl.org.br\/varejosa\/wp-json\/wp\/v2\/media?parent=24696"}],"curies":[{"name":"wp","href":"https:\/\/api.w.org\/{rel}","templated":true}]}}